{"id":2779,"date":"2025-07-15T15:00:17","date_gmt":"2025-07-15T13:00:17","guid":{"rendered":"https:\/\/famacasino.com\/?post_type=product&#038;p=2779"},"modified":"2025-07-15T15:00:17","modified_gmt":"2025-07-15T13:00:17","slug":"personalizowane-zetony-ceramiczne-500-szt","status":"publish","type":"product","link":"https:\/\/famacasino.com\/en\/product\/personalizowane-zetony-ceramiczne-500-szt\/","title":{"rendered":"Personalizowane \u017cetony ceramiczne 500 szt."},"content":{"rendered":"<p>&#8222;Profesjonalne \u017cetony ceramiczne o wadze 10 gram\u00f3w i \u015brednicy 39,5 mm \u2014 to standard u\u017cywany w wi\u0119kszo\u015bci europejskich kasyn. Dost\u0119pne s\u0105 w wersji z powierzchni\u0105 teksturowan\u0105 lub g\u0142adk\u0105, jednak rekomendujemy wyko\u0144czenie teksturowane dla lepszego chwytu i komfortu gry.<\/p>\n<p>Dok\u0142adnie te \u017cetony wykorzystywane s\u0105 m.in. w niemieckich Spielbanken, kasynach na S\u0142owacji, King\u2019s Casino oraz podczas WSOP. W samej Europie sprzedano ju\u017c ponad milion takich \u017ceton\u00f3w, co najlepiej potwierdza ich jako\u015b\u0107 i trwa\u0142o\u015b\u0107. Idealne do sto\u0142\u00f3w turniejowych i kasynowych.&#8221;<\/p>","protected":false},"excerpt":{"rendered":"<p>&#8222;Profesjonalne \u017cetony ceramiczne o wadze 10 gram\u00f3w i \u015brednicy 39,5 mm \u2014 to standard u\u017cywany w wi\u0119kszo\u015bci europejskich kasyn. Dost\u0119pne s\u0105 w wersji z powierzchni\u0105 teksturowan\u0105 lub g\u0142adk\u0105, jednak rekomendujemy wyko\u0144czenie teksturowane dla lepszego chwytu i komfortu gry.<\/p>\n<p>Dok\u0142adnie te \u017cetony wykorzystywane s\u0105 m.in. w niemieckich Spielbanken, kasynach na S\u0142owacji, King\u2019s Casino oraz podczas WSOP. W samej Europie sprzedano ju\u017c ponad milion takich \u017ceton\u00f3w, co najlepiej potwierdza ich jako\u015b\u0107 i trwa\u0142o\u015b\u0107. Idealne do sto\u0142\u00f3w turniejowych i kasynowych.&#8221;<\/p>","protected":false},"featured_media":2780,"template":"","meta":[],"product_brand":[],"product_cat":[60],"product_tag":[],"class_list":{"0":"post-2779","1":"product","2":"type-product","3":"status-publish","4":"has-post-thumbnail","6":"product_cat-akcesoria","7":"product_shipping_class-male-paczki-paczkomat","9":"first","10":"instock","11":"taxable","12":"shipping-taxable","13":"purchasable","14":"product-type-simple"},"yoast_head":"<!-- This site is optimized with the Yoast SEO plugin v25.0 - https:\/\/yoast.com\/wordpress\/plugins\/seo\/ -->\n<title>Personalizowane \u017cetony ceramiczne 500 szt. - Fama Casino<\/title>\n<meta name=\"robots\" content=\"index, follow, max-snippet:-1, max-image-preview:large, max-video-preview:-1\" \/>\n<link rel=\"canonical\" href=\"https:\/\/famacasino.com\/en\/product\/personalizowane-zetony-ceramiczne-500-szt\/\" \/>\n<meta property=\"og:locale\" content=\"en_GB\" \/>\n<meta property=\"og:type\" content=\"article\" \/>\n<meta property=\"og:title\" content=\"Personalizowane \u017cetony ceramiczne 500 szt. - Fama Casino\" \/>\n<meta property=\"og:description\" content=\"&quot;Profesjonalne \u017cetony ceramiczne o wadze 10 gram\u00f3w i \u015brednicy 39,5 mm \u2014 to standard u\u017cywany w wi\u0119kszo\u015bci europejskich kasyn. Dost\u0119pne s\u0105 w wersji z powierzchni\u0105 teksturowan\u0105 lub g\u0142adk\u0105, jednak rekomendujemy wyko\u0144czenie teksturowane dla lepszego chwytu i komfortu gry.  Dok\u0142adnie te \u017cetony wykorzystywane s\u0105 m.in. w niemieckich Spielbanken, kasynach na S\u0142owacji, King\u2019s Casino oraz podczas WSOP. W samej Europie sprzedano ju\u017c ponad milion takich \u017ceton\u00f3w, co najlepiej potwierdza ich jako\u015b\u0107 i trwa\u0142o\u015b\u0107. Idealne do sto\u0142\u00f3w turniejowych i kasynowych.&quot;\" \/>\n<meta property=\"og:url\" content=\"https:\/\/famacasino.com\/en\/product\/personalizowane-zetony-ceramiczne-500-szt\/\" \/>\n<meta property=\"og:site_name\" content=\"Fama Casino\" \/>\n<meta property=\"og:image\" content=\"https:\/\/famacasino.com\/wp-content\/uploads\/2025\/07\/Fama-Casino-ceramiczne-zetony.jpg\" \/>\n\t<meta property=\"og:image:width\" content=\"820\" \/>\n\t<meta property=\"og:image:height\" content=\"632\" \/>\n\t<meta property=\"og:image:type\" content=\"image\/jpeg\" \/>\n<meta name=\"twitter:card\" content=\"summary_large_image\" \/>\n<meta name=\"twitter:label1\" content=\"Estimated reading time\" \/>\n\t<meta name=\"twitter:data1\" content=\"1 minute\" \/>\n<script type=\"application\/ld+json\" class=\"yoast-schema-graph\">{\"@context\":\"https:\/\/schema.org\",\"@graph\":[{\"@type\":\"WebPage\",\"@id\":\"https:\/\/famacasino.com\/produkt\/personalizowane-zetony-ceramiczne-500-szt\/\",\"url\":\"https:\/\/famacasino.com\/produkt\/personalizowane-zetony-ceramiczne-500-szt\/\",\"name\":\"Personalizowane \u017cetony ceramiczne 500 szt. - Fama Casino\",\"isPartOf\":{\"@id\":\"https:\/\/famacasino.com\/#website\"},\"primaryImageOfPage\":{\"@id\":\"https:\/\/famacasino.com\/produkt\/personalizowane-zetony-ceramiczne-500-szt\/#primaryimage\"},\"image\":{\"@id\":\"https:\/\/famacasino.com\/produkt\/personalizowane-zetony-ceramiczne-500-szt\/#primaryimage\"},\"thumbnailUrl\":\"https:\/\/famacasino.com\/wp-content\/uploads\/2025\/07\/Fama-Casino-ceramiczne-zetony.jpg\",\"datePublished\":\"2025-07-15T13:00:17+00:00\",\"breadcrumb\":{\"@id\":\"https:\/\/famacasino.com\/produkt\/personalizowane-zetony-ceramiczne-500-szt\/#breadcrumb\"},\"inLanguage\":\"en-GB\",\"potentialAction\":[{\"@type\":\"ReadAction\",\"target\":[\"https:\/\/famacasino.com\/produkt\/personalizowane-zetony-ceramiczne-500-szt\/\"]}]},{\"@type\":\"ImageObject\",\"inLanguage\":\"en-GB\",\"@id\":\"https:\/\/famacasino.com\/produkt\/personalizowane-zetony-ceramiczne-500-szt\/#primaryimage\",\"url\":\"https:\/\/famacasino.com\/wp-content\/uploads\/2025\/07\/Fama-Casino-ceramiczne-zetony.jpg\",\"contentUrl\":\"https:\/\/famacasino.com\/wp-content\/uploads\/2025\/07\/Fama-Casino-ceramiczne-zetony.jpg\",\"width\":820,\"height\":632},{\"@type\":\"BreadcrumbList\",\"@id\":\"https:\/\/famacasino.com\/produkt\/personalizowane-zetony-ceramiczne-500-szt\/#breadcrumb\",\"itemListElement\":[{\"@type\":\"ListItem\",\"position\":1,\"name\":\"Strona g\u0142\u00f3wna\",\"item\":\"https:\/\/famacasino.com\/\"},{\"@type\":\"ListItem\",\"position\":2,\"name\":\"Zam\u00f3w\",\"item\":\"https:\/\/famacasino.com\/zamow\/\"},{\"@type\":\"ListItem\",\"position\":3,\"name\":\"Personalizowane \u017cetony ceramiczne 500 szt.\"}]},{\"@type\":\"WebSite\",\"@id\":\"https:\/\/famacasino.com\/#website\",\"url\":\"https:\/\/famacasino.com\/\",\"name\":\"Fama Casino\",\"description\":\"\",\"publisher\":{\"@id\":\"https:\/\/famacasino.com\/#organization\"},\"potentialAction\":[{\"@type\":\"SearchAction\",\"target\":{\"@type\":\"EntryPoint\",\"urlTemplate\":\"https:\/\/famacasino.com\/?s={search_term_string}\"},\"query-input\":{\"@type\":\"PropertyValueSpecification\",\"valueRequired\":true,\"valueName\":\"search_term_string\"}}],\"inLanguage\":\"en-GB\"},{\"@type\":\"Organization\",\"@id\":\"https:\/\/famacasino.com\/#organization\",\"name\":\"Fama Casino\",\"url\":\"https:\/\/famacasino.com\/\",\"logo\":{\"@type\":\"ImageObject\",\"inLanguage\":\"en-GB\",\"@id\":\"https:\/\/famacasino.com\/#\/schema\/logo\/image\/\",\"url\":\"https:\/\/famacasino.com\/wp-content\/uploads\/2024\/10\/logo_fama_casino_kolor_big-PNG-poziom.png\",\"contentUrl\":\"https:\/\/famacasino.com\/wp-content\/uploads\/2024\/10\/logo_fama_casino_kolor_big-PNG-poziom.png\",\"width\":5354,\"height\":1137,\"caption\":\"Fama Casino\"},\"image\":{\"@id\":\"https:\/\/famacasino.com\/#\/schema\/logo\/image\/\"}}]}<\/script>\n<!-- \/ Yoast SEO plugin. -->","yoast_head_json":{"title":"Personalizowane \u017cetony ceramiczne 500 szt. - Fama Casino","robots":{"index":"index","follow":"follow","max-snippet":"max-snippet:-1","max-image-preview":"max-image-preview:large","max-video-preview":"max-video-preview:-1"},"canonical":"https:\/\/famacasino.com\/en\/product\/personalizowane-zetony-ceramiczne-500-szt\/","og_locale":"en_GB","og_type":"article","og_title":"Personalizowane \u017cetony ceramiczne 500 szt. - Fama Casino","og_description":"\"Profesjonalne \u017cetony ceramiczne o wadze 10 gram\u00f3w i \u015brednicy 39,5 mm \u2014 to standard u\u017cywany w wi\u0119kszo\u015bci europejskich kasyn. Dost\u0119pne s\u0105 w wersji z powierzchni\u0105 teksturowan\u0105 lub g\u0142adk\u0105, jednak rekomendujemy wyko\u0144czenie teksturowane dla lepszego chwytu i komfortu gry.  Dok\u0142adnie te \u017cetony wykorzystywane s\u0105 m.in. w niemieckich Spielbanken, kasynach na S\u0142owacji, King\u2019s Casino oraz podczas WSOP. W samej Europie sprzedano ju\u017c ponad milion takich \u017ceton\u00f3w, co najlepiej potwierdza ich jako\u015b\u0107 i trwa\u0142o\u015b\u0107. Idealne do sto\u0142\u00f3w turniejowych i kasynowych.\"","og_url":"https:\/\/famacasino.com\/en\/product\/personalizowane-zetony-ceramiczne-500-szt\/","og_site_name":"Fama Casino","og_image":[{"width":820,"height":632,"url":"https:\/\/famacasino.com\/wp-content\/uploads\/2025\/07\/Fama-Casino-ceramiczne-zetony.jpg","type":"image\/jpeg"}],"twitter_card":"summary_large_image","twitter_misc":{"Estimated reading time":"1 minute"},"schema":{"@context":"https:\/\/schema.org","@graph":[{"@type":"WebPage","@id":"https:\/\/famacasino.com\/produkt\/personalizowane-zetony-ceramiczne-500-szt\/","url":"https:\/\/famacasino.com\/produkt\/personalizowane-zetony-ceramiczne-500-szt\/","name":"Personalizowane \u017cetony ceramiczne 500 szt. - Fama Casino","isPartOf":{"@id":"https:\/\/famacasino.com\/#website"},"primaryImageOfPage":{"@id":"https:\/\/famacasino.com\/produkt\/personalizowane-zetony-ceramiczne-500-szt\/#primaryimage"},"image":{"@id":"https:\/\/famacasino.com\/produkt\/personalizowane-zetony-ceramiczne-500-szt\/#primaryimage"},"thumbnailUrl":"https:\/\/famacasino.com\/wp-content\/uploads\/2025\/07\/Fama-Casino-ceramiczne-zetony.jpg","datePublished":"2025-07-15T13:00:17+00:00","breadcrumb":{"@id":"https:\/\/famacasino.com\/produkt\/personalizowane-zetony-ceramiczne-500-szt\/#breadcrumb"},"inLanguage":"en-GB","potentialAction":[{"@type":"ReadAction","target":["https:\/\/famacasino.com\/produkt\/personalizowane-zetony-ceramiczne-500-szt\/"]}]},{"@type":"ImageObject","inLanguage":"en-GB","@id":"https:\/\/famacasino.com\/produkt\/personalizowane-zetony-ceramiczne-500-szt\/#primaryimage","url":"https:\/\/famacasino.com\/wp-content\/uploads\/2025\/07\/Fama-Casino-ceramiczne-zetony.jpg","contentUrl":"https:\/\/famacasino.com\/wp-content\/uploads\/2025\/07\/Fama-Casino-ceramiczne-zetony.jpg","width":820,"height":632},{"@type":"BreadcrumbList","@id":"https:\/\/famacasino.com\/produkt\/personalizowane-zetony-ceramiczne-500-szt\/#breadcrumb","itemListElement":[{"@type":"ListItem","position":1,"name":"Strona g\u0142\u00f3wna","item":"https:\/\/famacasino.com\/"},{"@type":"ListItem","position":2,"name":"Zam\u00f3w","item":"https:\/\/famacasino.com\/zamow\/"},{"@type":"ListItem","position":3,"name":"Personalizowane \u017cetony ceramiczne 500 szt."}]},{"@type":"WebSite","@id":"https:\/\/famacasino.com\/#website","url":"https:\/\/famacasino.com\/","name":"Fama Casino","description":"","publisher":{"@id":"https:\/\/famacasino.com\/#organization"},"potentialAction":[{"@type":"SearchAction","target":{"@type":"EntryPoint","urlTemplate":"https:\/\/famacasino.com\/?s={search_term_string}"},"query-input":{"@type":"PropertyValueSpecification","valueRequired":true,"valueName":"search_term_string"}}],"inLanguage":"en-GB"},{"@type":"Organization","@id":"https:\/\/famacasino.com\/#organization","name":"Fama Casino","url":"https:\/\/famacasino.com\/","logo":{"@type":"ImageObject","inLanguage":"en-GB","@id":"https:\/\/famacasino.com\/#\/schema\/logo\/image\/","url":"https:\/\/famacasino.com\/wp-content\/uploads\/2024\/10\/logo_fama_casino_kolor_big-PNG-poziom.png","contentUrl":"https:\/\/famacasino.com\/wp-content\/uploads\/2024\/10\/logo_fama_casino_kolor_big-PNG-poziom.png","width":5354,"height":1137,"caption":"Fama Casino"},"image":{"@id":"https:\/\/famacasino.com\/#\/schema\/logo\/image\/"}}]}},"_links":{"self":[{"href":"https:\/\/famacasino.com\/en\/wp-json\/wp\/v2\/product\/2779","targetHints":{"allow":["GET"]}}],"collection":[{"href":"https:\/\/famacasino.com\/en\/wp-json\/wp\/v2\/product"}],"about":[{"href":"https:\/\/famacasino.com\/en\/wp-json\/wp\/v2\/types\/product"}],"wp:featuredmedia":[{"embeddable":true,"href":"https:\/\/famacasino.com\/en\/wp-json\/wp\/v2\/media\/2780"}],"wp:attachment":[{"href":"https:\/\/famacasino.com\/en\/wp-json\/wp\/v2\/media?parent=2779"}],"wp:term":[{"taxonomy":"product_brand","embeddable":true,"href":"https:\/\/famacasino.com\/en\/wp-json\/wp\/v2\/product_brand?post=2779"},{"taxonomy":"product_cat","embeddable":true,"href":"https:\/\/famacasino.com\/en\/wp-json\/wp\/v2\/product_cat?post=2779"},{"taxonomy":"product_tag","embeddable":true,"href":"https:\/\/famacasino.com\/en\/wp-json\/wp\/v2\/product_tag?post=2779"}],"curies":[{"name":"wp","href":"https:\/\/api.w.org\/{rel}","templated":true}]}}