{"id":2348,"date":"2025-04-16T12:35:47","date_gmt":"2025-04-16T10:35:47","guid":{"rendered":"https:\/\/fama.plbrand.ayz.pl\/?post_type=product&#038;p=2348"},"modified":"2025-07-16T09:12:49","modified_gmt":"2025-07-16T07:12:49","slug":"kolo-do-ruletki","status":"publish","type":"product","link":"https:\/\/famacasino.com\/en\/product\/kolo-do-ruletki\/","title":{"rendered":"Ko\u0142o do ruletki"},"content":{"rendered":"<p>Ekskluzywne, b\u0142yszcz\u0105ce ko\u0142o do ruletki wykonane z wysokiej jako\u015bci drewna jesionowego. Ko\u0142o o \u015brednicy 50 cm i wysoko\u015bci 93 mm, wyposa\u017cone w podw\u00f3jnie \u0142o\u017cyskowany mechanizm obrotowy z mosi\u0105dzu, co zapewnia p\u0142ynne i precyzyjne dzia\u0142anie. W zestawie 2 kulki. Wersja europejska z pojedynczym zerem, inne warianty dost\u0119pne na zam\u00f3wienie.<\/p>","protected":false},"excerpt":{"rendered":"<p>Ekskluzywne, b\u0142yszcz\u0105ce ko\u0142o do ruletki wykonane z wysokiej jako\u015bci drewna jesionowego. Ko\u0142o o \u015brednicy 50 cm i wysoko\u015bci 93 mm, wyposa\u017cone w podw\u00f3jnie \u0142o\u017cyskowany mechanizm obrotowy z mosi\u0105dzu, co zapewnia p\u0142ynne i precyzyjne dzia\u0142anie. W zestawie 2 kulki. Wersja europejska z pojedynczym zerem, inne warianty dost\u0119pne na zam\u00f3wienie.<\/p>","protected":false},"featured_media":2662,"template":"","meta":[],"product_brand":[],"product_cat":[60],"product_tag":[],"class_list":{"0":"post-2348","1":"product","2":"type-product","3":"status-publish","4":"has-post-thumbnail","6":"product_cat-akcesoria","7":"product_shipping_class-srednie-paczki-kurier","9":"first","10":"instock","11":"taxable","12":"shipping-taxable","13":"purchasable","14":"product-type-simple"},"yoast_head":"<!-- This site is optimized with the Yoast SEO plugin v25.0 - https:\/\/yoast.com\/wordpress\/plugins\/seo\/ -->\n<title>Ko\u0142o do ruletki - Fama Casino<\/title>\n<meta name=\"robots\" content=\"index, follow, max-snippet:-1, max-image-preview:large, max-video-preview:-1\" \/>\n<link rel=\"canonical\" href=\"https:\/\/famacasino.com\/en\/product\/kolo-do-ruletki\/\" \/>\n<meta property=\"og:locale\" content=\"en_GB\" \/>\n<meta property=\"og:type\" content=\"article\" \/>\n<meta property=\"og:title\" content=\"Ko\u0142o do ruletki - Fama Casino\" \/>\n<meta property=\"og:description\" content=\"Ekskluzywne, b\u0142yszcz\u0105ce ko\u0142o do ruletki wykonane z wysokiej jako\u015bci drewna jesionowego. Ko\u0142o o \u015brednicy 50 cm i wysoko\u015bci 93 mm, wyposa\u017cone w podw\u00f3jnie \u0142o\u017cyskowany mechanizm obrotowy z mosi\u0105dzu, co zapewnia p\u0142ynne i precyzyjne dzia\u0142anie. W zestawie 2 kulki. Wersja europejska z pojedynczym zerem, inne warianty dost\u0119pne na zam\u00f3wienie.\" \/>\n<meta property=\"og:url\" content=\"https:\/\/famacasino.com\/en\/product\/kolo-do-ruletki\/\" \/>\n<meta property=\"og:site_name\" content=\"Fama Casino\" \/>\n<meta property=\"article:modified_time\" content=\"2025-07-16T07:12:49+00:00\" \/>\n<meta property=\"og:image\" content=\"https:\/\/famacasino.com\/wp-content\/uploads\/2025\/07\/Fama-Casino-Kolo-do-ruletki.jpg\" \/>\n\t<meta property=\"og:image:width\" content=\"410\" \/>\n\t<meta property=\"og:image:height\" content=\"316\" \/>\n\t<meta property=\"og:image:type\" content=\"image\/jpeg\" \/>\n<meta name=\"twitter:card\" content=\"summary_large_image\" \/>\n<meta name=\"twitter:label1\" content=\"Estimated reading time\" \/>\n\t<meta name=\"twitter:data1\" content=\"1 minute\" \/>\n<script type=\"application\/ld+json\" class=\"yoast-schema-graph\">{\"@context\":\"https:\/\/schema.org\",\"@graph\":[{\"@type\":\"WebPage\",\"@id\":\"https:\/\/famacasino.com\/produkt\/kolo-do-ruletki\/\",\"url\":\"https:\/\/famacasino.com\/produkt\/kolo-do-ruletki\/\",\"name\":\"Ko\u0142o do ruletki - Fama Casino\",\"isPartOf\":{\"@id\":\"https:\/\/famacasino.com\/#website\"},\"primaryImageOfPage\":{\"@id\":\"https:\/\/famacasino.com\/produkt\/kolo-do-ruletki\/#primaryimage\"},\"image\":{\"@id\":\"https:\/\/famacasino.com\/produkt\/kolo-do-ruletki\/#primaryimage\"},\"thumbnailUrl\":\"https:\/\/famacasino.com\/wp-content\/uploads\/2025\/07\/Fama-Casino-Kolo-do-ruletki.jpg\",\"datePublished\":\"2025-04-16T10:35:47+00:00\",\"dateModified\":\"2025-07-16T07:12:49+00:00\",\"breadcrumb\":{\"@id\":\"https:\/\/famacasino.com\/produkt\/kolo-do-ruletki\/#breadcrumb\"},\"inLanguage\":\"en-GB\",\"potentialAction\":[{\"@type\":\"ReadAction\",\"target\":[\"https:\/\/famacasino.com\/produkt\/kolo-do-ruletki\/\"]}]},{\"@type\":\"ImageObject\",\"inLanguage\":\"en-GB\",\"@id\":\"https:\/\/famacasino.com\/produkt\/kolo-do-ruletki\/#primaryimage\",\"url\":\"https:\/\/famacasino.com\/wp-content\/uploads\/2025\/07\/Fama-Casino-Kolo-do-ruletki.jpg\",\"contentUrl\":\"https:\/\/famacasino.com\/wp-content\/uploads\/2025\/07\/Fama-Casino-Kolo-do-ruletki.jpg\",\"width\":410,\"height\":316},{\"@type\":\"BreadcrumbList\",\"@id\":\"https:\/\/famacasino.com\/produkt\/kolo-do-ruletki\/#breadcrumb\",\"itemListElement\":[{\"@type\":\"ListItem\",\"position\":1,\"name\":\"Strona g\u0142\u00f3wna\",\"item\":\"https:\/\/famacasino.com\/\"},{\"@type\":\"ListItem\",\"position\":2,\"name\":\"Zam\u00f3w\",\"item\":\"https:\/\/famacasino.com\/zamow\/\"},{\"@type\":\"ListItem\",\"position\":3,\"name\":\"Ko\u0142o do ruletki\"}]},{\"@type\":\"WebSite\",\"@id\":\"https:\/\/famacasino.com\/#website\",\"url\":\"https:\/\/famacasino.com\/\",\"name\":\"Fama Casino\",\"description\":\"\",\"publisher\":{\"@id\":\"https:\/\/famacasino.com\/#organization\"},\"potentialAction\":[{\"@type\":\"SearchAction\",\"target\":{\"@type\":\"EntryPoint\",\"urlTemplate\":\"https:\/\/famacasino.com\/?s={search_term_string}\"},\"query-input\":{\"@type\":\"PropertyValueSpecification\",\"valueRequired\":true,\"valueName\":\"search_term_string\"}}],\"inLanguage\":\"en-GB\"},{\"@type\":\"Organization\",\"@id\":\"https:\/\/famacasino.com\/#organization\",\"name\":\"Fama Casino\",\"url\":\"https:\/\/famacasino.com\/\",\"logo\":{\"@type\":\"ImageObject\",\"inLanguage\":\"en-GB\",\"@id\":\"https:\/\/famacasino.com\/#\/schema\/logo\/image\/\",\"url\":\"https:\/\/famacasino.com\/wp-content\/uploads\/2024\/10\/logo_fama_casino_kolor_big-PNG-poziom.png\",\"contentUrl\":\"https:\/\/famacasino.com\/wp-content\/uploads\/2024\/10\/logo_fama_casino_kolor_big-PNG-poziom.png\",\"width\":5354,\"height\":1137,\"caption\":\"Fama Casino\"},\"image\":{\"@id\":\"https:\/\/famacasino.com\/#\/schema\/logo\/image\/\"}}]}<\/script>\n<!-- \/ Yoast SEO plugin. -->","yoast_head_json":{"title":"Ko\u0142o do ruletki - Fama Casino","robots":{"index":"index","follow":"follow","max-snippet":"max-snippet:-1","max-image-preview":"max-image-preview:large","max-video-preview":"max-video-preview:-1"},"canonical":"https:\/\/famacasino.com\/en\/product\/kolo-do-ruletki\/","og_locale":"en_GB","og_type":"article","og_title":"Ko\u0142o do ruletki - Fama Casino","og_description":"Ekskluzywne, b\u0142yszcz\u0105ce ko\u0142o do ruletki wykonane z wysokiej jako\u015bci drewna jesionowego. Ko\u0142o o \u015brednicy 50 cm i wysoko\u015bci 93 mm, wyposa\u017cone w podw\u00f3jnie \u0142o\u017cyskowany mechanizm obrotowy z mosi\u0105dzu, co zapewnia p\u0142ynne i precyzyjne dzia\u0142anie. W zestawie 2 kulki. Wersja europejska z pojedynczym zerem, inne warianty dost\u0119pne na zam\u00f3wienie.","og_url":"https:\/\/famacasino.com\/en\/product\/kolo-do-ruletki\/","og_site_name":"Fama Casino","article_modified_time":"2025-07-16T07:12:49+00:00","og_image":[{"width":410,"height":316,"url":"https:\/\/famacasino.com\/wp-content\/uploads\/2025\/07\/Fama-Casino-Kolo-do-ruletki.jpg","type":"image\/jpeg"}],"twitter_card":"summary_large_image","twitter_misc":{"Estimated reading time":"1 minute"},"schema":{"@context":"https:\/\/schema.org","@graph":[{"@type":"WebPage","@id":"https:\/\/famacasino.com\/produkt\/kolo-do-ruletki\/","url":"https:\/\/famacasino.com\/produkt\/kolo-do-ruletki\/","name":"Ko\u0142o do ruletki - Fama Casino","isPartOf":{"@id":"https:\/\/famacasino.com\/#website"},"primaryImageOfPage":{"@id":"https:\/\/famacasino.com\/produkt\/kolo-do-ruletki\/#primaryimage"},"image":{"@id":"https:\/\/famacasino.com\/produkt\/kolo-do-ruletki\/#primaryimage"},"thumbnailUrl":"https:\/\/famacasino.com\/wp-content\/uploads\/2025\/07\/Fama-Casino-Kolo-do-ruletki.jpg","datePublished":"2025-04-16T10:35:47+00:00","dateModified":"2025-07-16T07:12:49+00:00","breadcrumb":{"@id":"https:\/\/famacasino.com\/produkt\/kolo-do-ruletki\/#breadcrumb"},"inLanguage":"en-GB","potentialAction":[{"@type":"ReadAction","target":["https:\/\/famacasino.com\/produkt\/kolo-do-ruletki\/"]}]},{"@type":"ImageObject","inLanguage":"en-GB","@id":"https:\/\/famacasino.com\/produkt\/kolo-do-ruletki\/#primaryimage","url":"https:\/\/famacasino.com\/wp-content\/uploads\/2025\/07\/Fama-Casino-Kolo-do-ruletki.jpg","contentUrl":"https:\/\/famacasino.com\/wp-content\/uploads\/2025\/07\/Fama-Casino-Kolo-do-ruletki.jpg","width":410,"height":316},{"@type":"BreadcrumbList","@id":"https:\/\/famacasino.com\/produkt\/kolo-do-ruletki\/#breadcrumb","itemListElement":[{"@type":"ListItem","position":1,"name":"Strona g\u0142\u00f3wna","item":"https:\/\/famacasino.com\/"},{"@type":"ListItem","position":2,"name":"Zam\u00f3w","item":"https:\/\/famacasino.com\/zamow\/"},{"@type":"ListItem","position":3,"name":"Ko\u0142o do ruletki"}]},{"@type":"WebSite","@id":"https:\/\/famacasino.com\/#website","url":"https:\/\/famacasino.com\/","name":"Fama Casino","description":"","publisher":{"@id":"https:\/\/famacasino.com\/#organization"},"potentialAction":[{"@type":"SearchAction","target":{"@type":"EntryPoint","urlTemplate":"https:\/\/famacasino.com\/?s={search_term_string}"},"query-input":{"@type":"PropertyValueSpecification","valueRequired":true,"valueName":"search_term_string"}}],"inLanguage":"en-GB"},{"@type":"Organization","@id":"https:\/\/famacasino.com\/#organization","name":"Fama Casino","url":"https:\/\/famacasino.com\/","logo":{"@type":"ImageObject","inLanguage":"en-GB","@id":"https:\/\/famacasino.com\/#\/schema\/logo\/image\/","url":"https:\/\/famacasino.com\/wp-content\/uploads\/2024\/10\/logo_fama_casino_kolor_big-PNG-poziom.png","contentUrl":"https:\/\/famacasino.com\/wp-content\/uploads\/2024\/10\/logo_fama_casino_kolor_big-PNG-poziom.png","width":5354,"height":1137,"caption":"Fama Casino"},"image":{"@id":"https:\/\/famacasino.com\/#\/schema\/logo\/image\/"}}]}},"_links":{"self":[{"href":"https:\/\/famacasino.com\/en\/wp-json\/wp\/v2\/product\/2348","targetHints":{"allow":["GET"]}}],"collection":[{"href":"https:\/\/famacasino.com\/en\/wp-json\/wp\/v2\/product"}],"about":[{"href":"https:\/\/famacasino.com\/en\/wp-json\/wp\/v2\/types\/product"}],"wp:featuredmedia":[{"embeddable":true,"href":"https:\/\/famacasino.com\/en\/wp-json\/wp\/v2\/media\/2662"}],"wp:attachment":[{"href":"https:\/\/famacasino.com\/en\/wp-json\/wp\/v2\/media?parent=2348"}],"wp:term":[{"taxonomy":"product_brand","embeddable":true,"href":"https:\/\/famacasino.com\/en\/wp-json\/wp\/v2\/product_brand?post=2348"},{"taxonomy":"product_cat","embeddable":true,"href":"https:\/\/famacasino.com\/en\/wp-json\/wp\/v2\/product_cat?post=2348"},{"taxonomy":"product_tag","embeddable":true,"href":"https:\/\/famacasino.com\/en\/wp-json\/wp\/v2\/product_tag?post=2348"}],"curies":[{"name":"wp","href":"https:\/\/api.w.org\/{rel}","templated":true}]}}