{"id":2347,"date":"2025-04-16T12:34:42","date_gmt":"2025-04-16T10:34:42","guid":{"rendered":"https:\/\/fama.plbrand.ayz.pl\/?post_type=product&#038;p=2347"},"modified":"2025-07-03T10:43:04","modified_gmt":"2025-07-03T08:43:04","slug":"zamykana-metalowa-kasetka","status":"publish","type":"product","link":"https:\/\/famacasino.com\/en\/product\/zamykana-metalowa-kasetka\/","title":{"rendered":"Zamykana metalowa kasetka"},"content":{"rendered":"<p><span data-sheets-root=\"1\">Wysokiej jako\u015bci metalowa kasetka montowana pod sto\u0142em, s\u0142u\u017c\u0105ca do bezpiecznego przechowywania \u017ceton\u00f3w, monet i banknot\u00f3w. Do kasetki trafiaj\u0105 \u017cetony i got\u00f3wka wrzucane przez sloty na rake i tipy. Wyposa\u017cona w dwa zamki zapewniaj\u0105ce dodatkowe zabezpieczenie. Idealne rozwi\u0105zanie do sto\u0142\u00f3w pokerowych i kasynowych.<\/span><\/p>","protected":false},"excerpt":{"rendered":"<p><span data-sheets-root=\"1\">Wysokiej jako\u015bci metalowa kasetka montowana pod sto\u0142em, s\u0142u\u017c\u0105ca do bezpiecznego przechowywania \u017ceton\u00f3w, monet i banknot\u00f3w. Do kasetki trafiaj\u0105 \u017cetony i got\u00f3wka wrzucane przez sloty na rake i tipy. Wyposa\u017cona w dwa zamki zapewniaj\u0105ce dodatkowe zabezpieczenie. Idealne rozwi\u0105zanie do sto\u0142\u00f3w pokerowych i kasynowych.<\/span><\/p>","protected":false},"featured_media":2527,"template":"","meta":[],"product_brand":[],"product_cat":[60],"product_tag":[],"class_list":{"0":"post-2347","1":"product","2":"type-product","3":"status-publish","4":"has-post-thumbnail","6":"product_cat-akcesoria","7":"product_shipping_class-male-paczki-paczkomat","9":"first","10":"instock","11":"taxable","12":"shipping-taxable","13":"purchasable","14":"product-type-simple"},"yoast_head":"<!-- This site is optimized with the Yoast SEO plugin v25.0 - https:\/\/yoast.com\/wordpress\/plugins\/seo\/ -->\n<title>Zamykana metalowa kasetka - Fama Casino<\/title>\n<meta name=\"robots\" content=\"index, follow, max-snippet:-1, max-image-preview:large, max-video-preview:-1\" \/>\n<link rel=\"canonical\" href=\"https:\/\/famacasino.com\/en\/product\/zamykana-metalowa-kasetka\/\" \/>\n<meta property=\"og:locale\" content=\"en_GB\" \/>\n<meta property=\"og:type\" content=\"article\" \/>\n<meta property=\"og:title\" content=\"Zamykana metalowa kasetka - Fama Casino\" \/>\n<meta property=\"og:description\" content=\"Wysokiej jako\u015bci metalowa kasetka montowana pod sto\u0142em, s\u0142u\u017c\u0105ca do bezpiecznego przechowywania \u017ceton\u00f3w, monet i banknot\u00f3w. Do kasetki trafiaj\u0105 \u017cetony i got\u00f3wka wrzucane przez sloty na rake i tipy. Wyposa\u017cona w dwa zamki zapewniaj\u0105ce dodatkowe zabezpieczenie. Idealne rozwi\u0105zanie do sto\u0142\u00f3w pokerowych i kasynowych.\" \/>\n<meta property=\"og:url\" content=\"https:\/\/famacasino.com\/en\/product\/zamykana-metalowa-kasetka\/\" \/>\n<meta property=\"og:site_name\" content=\"Fama Casino\" \/>\n<meta property=\"article:modified_time\" content=\"2025-07-03T08:43:04+00:00\" \/>\n<meta property=\"og:image\" content=\"https:\/\/famacasino.com\/wp-content\/uploads\/2025\/04\/Fama-Casino-Zamykana-metalowa-kasetka.jpg\" \/>\n\t<meta property=\"og:image:width\" content=\"410\" \/>\n\t<meta property=\"og:image:height\" content=\"316\" \/>\n\t<meta property=\"og:image:type\" content=\"image\/jpeg\" \/>\n<meta name=\"twitter:card\" content=\"summary_large_image\" \/>\n<meta name=\"twitter:label1\" content=\"Estimated reading time\" \/>\n\t<meta name=\"twitter:data1\" content=\"1 minute\" \/>\n<script type=\"application\/ld+json\" class=\"yoast-schema-graph\">{\"@context\":\"https:\/\/schema.org\",\"@graph\":[{\"@type\":\"WebPage\",\"@id\":\"https:\/\/famacasino.com\/produkt\/zamykana-metalowa-kasetka\/\",\"url\":\"https:\/\/famacasino.com\/produkt\/zamykana-metalowa-kasetka\/\",\"name\":\"Zamykana metalowa kasetka - Fama Casino\",\"isPartOf\":{\"@id\":\"https:\/\/famacasino.com\/#website\"},\"primaryImageOfPage\":{\"@id\":\"https:\/\/famacasino.com\/produkt\/zamykana-metalowa-kasetka\/#primaryimage\"},\"image\":{\"@id\":\"https:\/\/famacasino.com\/produkt\/zamykana-metalowa-kasetka\/#primaryimage\"},\"thumbnailUrl\":\"https:\/\/famacasino.com\/wp-content\/uploads\/2025\/04\/Fama-Casino-Zamykana-metalowa-kasetka.jpg\",\"datePublished\":\"2025-04-16T10:34:42+00:00\",\"dateModified\":\"2025-07-03T08:43:04+00:00\",\"breadcrumb\":{\"@id\":\"https:\/\/famacasino.com\/produkt\/zamykana-metalowa-kasetka\/#breadcrumb\"},\"inLanguage\":\"en-GB\",\"potentialAction\":[{\"@type\":\"ReadAction\",\"target\":[\"https:\/\/famacasino.com\/produkt\/zamykana-metalowa-kasetka\/\"]}]},{\"@type\":\"ImageObject\",\"inLanguage\":\"en-GB\",\"@id\":\"https:\/\/famacasino.com\/produkt\/zamykana-metalowa-kasetka\/#primaryimage\",\"url\":\"https:\/\/famacasino.com\/wp-content\/uploads\/2025\/04\/Fama-Casino-Zamykana-metalowa-kasetka.jpg\",\"contentUrl\":\"https:\/\/famacasino.com\/wp-content\/uploads\/2025\/04\/Fama-Casino-Zamykana-metalowa-kasetka.jpg\",\"width\":410,\"height\":316},{\"@type\":\"BreadcrumbList\",\"@id\":\"https:\/\/famacasino.com\/produkt\/zamykana-metalowa-kasetka\/#breadcrumb\",\"itemListElement\":[{\"@type\":\"ListItem\",\"position\":1,\"name\":\"Strona g\u0142\u00f3wna\",\"item\":\"https:\/\/famacasino.com\/\"},{\"@type\":\"ListItem\",\"position\":2,\"name\":\"Zam\u00f3w\",\"item\":\"https:\/\/famacasino.com\/zamow\/\"},{\"@type\":\"ListItem\",\"position\":3,\"name\":\"Zamykana metalowa kasetka\"}]},{\"@type\":\"WebSite\",\"@id\":\"https:\/\/famacasino.com\/#website\",\"url\":\"https:\/\/famacasino.com\/\",\"name\":\"Fama Casino\",\"description\":\"\",\"publisher\":{\"@id\":\"https:\/\/famacasino.com\/#organization\"},\"potentialAction\":[{\"@type\":\"SearchAction\",\"target\":{\"@type\":\"EntryPoint\",\"urlTemplate\":\"https:\/\/famacasino.com\/?s={search_term_string}\"},\"query-input\":{\"@type\":\"PropertyValueSpecification\",\"valueRequired\":true,\"valueName\":\"search_term_string\"}}],\"inLanguage\":\"en-GB\"},{\"@type\":\"Organization\",\"@id\":\"https:\/\/famacasino.com\/#organization\",\"name\":\"Fama Casino\",\"url\":\"https:\/\/famacasino.com\/\",\"logo\":{\"@type\":\"ImageObject\",\"inLanguage\":\"en-GB\",\"@id\":\"https:\/\/famacasino.com\/#\/schema\/logo\/image\/\",\"url\":\"https:\/\/famacasino.com\/wp-content\/uploads\/2024\/10\/logo_fama_casino_kolor_big-PNG-poziom.png\",\"contentUrl\":\"https:\/\/famacasino.com\/wp-content\/uploads\/2024\/10\/logo_fama_casino_kolor_big-PNG-poziom.png\",\"width\":5354,\"height\":1137,\"caption\":\"Fama Casino\"},\"image\":{\"@id\":\"https:\/\/famacasino.com\/#\/schema\/logo\/image\/\"}}]}<\/script>\n<!-- \/ Yoast SEO plugin. -->","yoast_head_json":{"title":"Zamykana metalowa kasetka - Fama Casino","robots":{"index":"index","follow":"follow","max-snippet":"max-snippet:-1","max-image-preview":"max-image-preview:large","max-video-preview":"max-video-preview:-1"},"canonical":"https:\/\/famacasino.com\/en\/product\/zamykana-metalowa-kasetka\/","og_locale":"en_GB","og_type":"article","og_title":"Zamykana metalowa kasetka - Fama Casino","og_description":"Wysokiej jako\u015bci metalowa kasetka montowana pod sto\u0142em, s\u0142u\u017c\u0105ca do bezpiecznego przechowywania \u017ceton\u00f3w, monet i banknot\u00f3w. Do kasetki trafiaj\u0105 \u017cetony i got\u00f3wka wrzucane przez sloty na rake i tipy. Wyposa\u017cona w dwa zamki zapewniaj\u0105ce dodatkowe zabezpieczenie. Idealne rozwi\u0105zanie do sto\u0142\u00f3w pokerowych i kasynowych.","og_url":"https:\/\/famacasino.com\/en\/product\/zamykana-metalowa-kasetka\/","og_site_name":"Fama Casino","article_modified_time":"2025-07-03T08:43:04+00:00","og_image":[{"width":410,"height":316,"url":"https:\/\/famacasino.com\/wp-content\/uploads\/2025\/04\/Fama-Casino-Zamykana-metalowa-kasetka.jpg","type":"image\/jpeg"}],"twitter_card":"summary_large_image","twitter_misc":{"Estimated reading time":"1 minute"},"schema":{"@context":"https:\/\/schema.org","@graph":[{"@type":"WebPage","@id":"https:\/\/famacasino.com\/produkt\/zamykana-metalowa-kasetka\/","url":"https:\/\/famacasino.com\/produkt\/zamykana-metalowa-kasetka\/","name":"Zamykana metalowa kasetka - Fama Casino","isPartOf":{"@id":"https:\/\/famacasino.com\/#website"},"primaryImageOfPage":{"@id":"https:\/\/famacasino.com\/produkt\/zamykana-metalowa-kasetka\/#primaryimage"},"image":{"@id":"https:\/\/famacasino.com\/produkt\/zamykana-metalowa-kasetka\/#primaryimage"},"thumbnailUrl":"https:\/\/famacasino.com\/wp-content\/uploads\/2025\/04\/Fama-Casino-Zamykana-metalowa-kasetka.jpg","datePublished":"2025-04-16T10:34:42+00:00","dateModified":"2025-07-03T08:43:04+00:00","breadcrumb":{"@id":"https:\/\/famacasino.com\/produkt\/zamykana-metalowa-kasetka\/#breadcrumb"},"inLanguage":"en-GB","potentialAction":[{"@type":"ReadAction","target":["https:\/\/famacasino.com\/produkt\/zamykana-metalowa-kasetka\/"]}]},{"@type":"ImageObject","inLanguage":"en-GB","@id":"https:\/\/famacasino.com\/produkt\/zamykana-metalowa-kasetka\/#primaryimage","url":"https:\/\/famacasino.com\/wp-content\/uploads\/2025\/04\/Fama-Casino-Zamykana-metalowa-kasetka.jpg","contentUrl":"https:\/\/famacasino.com\/wp-content\/uploads\/2025\/04\/Fama-Casino-Zamykana-metalowa-kasetka.jpg","width":410,"height":316},{"@type":"BreadcrumbList","@id":"https:\/\/famacasino.com\/produkt\/zamykana-metalowa-kasetka\/#breadcrumb","itemListElement":[{"@type":"ListItem","position":1,"name":"Strona g\u0142\u00f3wna","item":"https:\/\/famacasino.com\/"},{"@type":"ListItem","position":2,"name":"Zam\u00f3w","item":"https:\/\/famacasino.com\/zamow\/"},{"@type":"ListItem","position":3,"name":"Zamykana metalowa kasetka"}]},{"@type":"WebSite","@id":"https:\/\/famacasino.com\/#website","url":"https:\/\/famacasino.com\/","name":"Fama Casino","description":"","publisher":{"@id":"https:\/\/famacasino.com\/#organization"},"potentialAction":[{"@type":"SearchAction","target":{"@type":"EntryPoint","urlTemplate":"https:\/\/famacasino.com\/?s={search_term_string}"},"query-input":{"@type":"PropertyValueSpecification","valueRequired":true,"valueName":"search_term_string"}}],"inLanguage":"en-GB"},{"@type":"Organization","@id":"https:\/\/famacasino.com\/#organization","name":"Fama Casino","url":"https:\/\/famacasino.com\/","logo":{"@type":"ImageObject","inLanguage":"en-GB","@id":"https:\/\/famacasino.com\/#\/schema\/logo\/image\/","url":"https:\/\/famacasino.com\/wp-content\/uploads\/2024\/10\/logo_fama_casino_kolor_big-PNG-poziom.png","contentUrl":"https:\/\/famacasino.com\/wp-content\/uploads\/2024\/10\/logo_fama_casino_kolor_big-PNG-poziom.png","width":5354,"height":1137,"caption":"Fama Casino"},"image":{"@id":"https:\/\/famacasino.com\/#\/schema\/logo\/image\/"}}]}},"_links":{"self":[{"href":"https:\/\/famacasino.com\/en\/wp-json\/wp\/v2\/product\/2347","targetHints":{"allow":["GET"]}}],"collection":[{"href":"https:\/\/famacasino.com\/en\/wp-json\/wp\/v2\/product"}],"about":[{"href":"https:\/\/famacasino.com\/en\/wp-json\/wp\/v2\/types\/product"}],"wp:featuredmedia":[{"embeddable":true,"href":"https:\/\/famacasino.com\/en\/wp-json\/wp\/v2\/media\/2527"}],"wp:attachment":[{"href":"https:\/\/famacasino.com\/en\/wp-json\/wp\/v2\/media?parent=2347"}],"wp:term":[{"taxonomy":"product_brand","embeddable":true,"href":"https:\/\/famacasino.com\/en\/wp-json\/wp\/v2\/product_brand?post=2347"},{"taxonomy":"product_cat","embeddable":true,"href":"https:\/\/famacasino.com\/en\/wp-json\/wp\/v2\/product_cat?post=2347"},{"taxonomy":"product_tag","embeddable":true,"href":"https:\/\/famacasino.com\/en\/wp-json\/wp\/v2\/product_tag?post=2347"}],"curies":[{"name":"wp","href":"https:\/\/api.w.org\/{rel}","templated":true}]}}