{"id":2342,"date":"2025-04-16T11:44:08","date_gmt":"2025-04-16T09:44:08","guid":{"rendered":"https:\/\/fama.plbrand.ayz.pl\/?post_type=product&#038;p=2342"},"modified":"2025-07-16T09:08:04","modified_gmt":"2025-07-16T07:08:04","slug":"tacka-na-zetony-drewniana-mala-2","status":"publish","type":"product","link":"https:\/\/famacasino.com\/en\/product\/tacka-na-zetony-drewniana-mala-2\/","title":{"rendered":"Tacka na \u017cetony Drewniana ma\u0142a"},"content":{"rendered":"<p>Ma\u0142a tacka na \u017cetony wykonana z drewna, idealna do przechowywania i organizacji \u017ceton\u00f3w podczas gry. Kompaktowy rozmiar sprawia, \u017ce doskonale sprawdzi si\u0119 przy sto\u0142ach pokerowych i w domowych rozgrywkach. Solidne, estetyczne wykonanie.<\/p>","protected":false},"excerpt":{"rendered":"<p>Ma\u0142a tacka na \u017cetony wykonana z drewna, idealna do przechowywania i organizacji \u017ceton\u00f3w podczas gry. Kompaktowy rozmiar sprawia, \u017ce doskonale sprawdzi si\u0119 przy sto\u0142ach pokerowych i w domowych rozgrywkach. Solidne, estetyczne wykonanie.<\/p>","protected":false},"featured_media":2520,"template":"","meta":[],"product_brand":[],"product_cat":[60],"product_tag":[],"class_list":{"0":"post-2342","1":"product","2":"type-product","3":"status-publish","4":"has-post-thumbnail","6":"product_cat-akcesoria","7":"product_shipping_class-male-paczki-paczkomat","9":"first","10":"instock","11":"taxable","12":"shipping-taxable","13":"purchasable","14":"product-type-simple"},"yoast_head":"<!-- This site is optimized with the Yoast SEO plugin v25.0 - https:\/\/yoast.com\/wordpress\/plugins\/seo\/ -->\n<title>Tacka na \u017cetony Drewniana ma\u0142a - Fama Casino<\/title>\n<meta name=\"robots\" content=\"noindex, nofollow\" \/>\n<meta property=\"og:locale\" content=\"en_GB\" \/>\n<meta property=\"og:type\" content=\"article\" \/>\n<meta property=\"og:title\" content=\"Tacka na \u017cetony Drewniana ma\u0142a - Fama Casino\" \/>\n<meta property=\"og:description\" content=\"Ma\u0142a tacka na \u017cetony wykonana z drewna, idealna do przechowywania i organizacji \u017ceton\u00f3w podczas gry. Kompaktowy rozmiar sprawia, \u017ce doskonale sprawdzi si\u0119 przy sto\u0142ach pokerowych i w domowych rozgrywkach. Solidne, estetyczne wykonanie.\" \/>\n<meta property=\"og:url\" content=\"https:\/\/famacasino.com\/en\/product\/tacka-na-zetony-drewniana-mala-2\/\" \/>\n<meta property=\"og:site_name\" content=\"Fama Casino\" \/>\n<meta property=\"article:modified_time\" content=\"2025-07-16T07:08:04+00:00\" \/>\n<meta property=\"og:image\" content=\"https:\/\/famacasino.com\/wp-content\/uploads\/2025\/04\/Fama-Casino-tacka-na-zetony-drewniana-mala.jpg\" \/>\n\t<meta property=\"og:image:width\" content=\"410\" \/>\n\t<meta property=\"og:image:height\" content=\"316\" \/>\n\t<meta property=\"og:image:type\" content=\"image\/jpeg\" \/>\n<meta name=\"twitter:card\" content=\"summary_large_image\" \/>\n<meta name=\"twitter:label1\" content=\"Estimated reading time\" \/>\n\t<meta name=\"twitter:data1\" content=\"1 minute\" \/>\n<script type=\"application\/ld+json\" class=\"yoast-schema-graph\">{\"@context\":\"https:\/\/schema.org\",\"@graph\":[{\"@type\":\"WebPage\",\"@id\":\"https:\/\/famacasino.com\/produkt\/tacka-na-zetony-drewniana-mala-2\/\",\"url\":\"https:\/\/famacasino.com\/produkt\/tacka-na-zetony-drewniana-mala-2\/\",\"name\":\"Tacka na \u017cetony Drewniana ma\u0142a - Fama Casino\",\"isPartOf\":{\"@id\":\"https:\/\/famacasino.com\/#website\"},\"primaryImageOfPage\":{\"@id\":\"https:\/\/famacasino.com\/produkt\/tacka-na-zetony-drewniana-mala-2\/#primaryimage\"},\"image\":{\"@id\":\"https:\/\/famacasino.com\/produkt\/tacka-na-zetony-drewniana-mala-2\/#primaryimage\"},\"thumbnailUrl\":\"https:\/\/famacasino.com\/wp-content\/uploads\/2025\/04\/Fama-Casino-tacka-na-zetony-drewniana-mala.jpg\",\"datePublished\":\"2025-04-16T09:44:08+00:00\",\"dateModified\":\"2025-07-16T07:08:04+00:00\",\"breadcrumb\":{\"@id\":\"https:\/\/famacasino.com\/produkt\/tacka-na-zetony-drewniana-mala-2\/#breadcrumb\"},\"inLanguage\":\"en-GB\",\"potentialAction\":[{\"@type\":\"ReadAction\",\"target\":[\"https:\/\/famacasino.com\/produkt\/tacka-na-zetony-drewniana-mala-2\/\"]}]},{\"@type\":\"ImageObject\",\"inLanguage\":\"en-GB\",\"@id\":\"https:\/\/famacasino.com\/produkt\/tacka-na-zetony-drewniana-mala-2\/#primaryimage\",\"url\":\"https:\/\/famacasino.com\/wp-content\/uploads\/2025\/04\/Fama-Casino-tacka-na-zetony-drewniana-mala.jpg\",\"contentUrl\":\"https:\/\/famacasino.com\/wp-content\/uploads\/2025\/04\/Fama-Casino-tacka-na-zetony-drewniana-mala.jpg\",\"width\":410,\"height\":316},{\"@type\":\"BreadcrumbList\",\"@id\":\"https:\/\/famacasino.com\/produkt\/tacka-na-zetony-drewniana-mala-2\/#breadcrumb\",\"itemListElement\":[{\"@type\":\"ListItem\",\"position\":1,\"name\":\"Strona g\u0142\u00f3wna\",\"item\":\"https:\/\/famacasino.com\/\"},{\"@type\":\"ListItem\",\"position\":2,\"name\":\"Zam\u00f3w\",\"item\":\"https:\/\/famacasino.com\/zamow\/\"},{\"@type\":\"ListItem\",\"position\":3,\"name\":\"Tacka na \u017cetony Drewniana ma\u0142a\"}]},{\"@type\":\"WebSite\",\"@id\":\"https:\/\/famacasino.com\/#website\",\"url\":\"https:\/\/famacasino.com\/\",\"name\":\"Fama Casino\",\"description\":\"\",\"publisher\":{\"@id\":\"https:\/\/famacasino.com\/#organization\"},\"potentialAction\":[{\"@type\":\"SearchAction\",\"target\":{\"@type\":\"EntryPoint\",\"urlTemplate\":\"https:\/\/famacasino.com\/?s={search_term_string}\"},\"query-input\":{\"@type\":\"PropertyValueSpecification\",\"valueRequired\":true,\"valueName\":\"search_term_string\"}}],\"inLanguage\":\"en-GB\"},{\"@type\":\"Organization\",\"@id\":\"https:\/\/famacasino.com\/#organization\",\"name\":\"Fama Casino\",\"url\":\"https:\/\/famacasino.com\/\",\"logo\":{\"@type\":\"ImageObject\",\"inLanguage\":\"en-GB\",\"@id\":\"https:\/\/famacasino.com\/#\/schema\/logo\/image\/\",\"url\":\"https:\/\/famacasino.com\/wp-content\/uploads\/2024\/10\/logo_fama_casino_kolor_big-PNG-poziom.png\",\"contentUrl\":\"https:\/\/famacasino.com\/wp-content\/uploads\/2024\/10\/logo_fama_casino_kolor_big-PNG-poziom.png\",\"width\":5354,\"height\":1137,\"caption\":\"Fama Casino\"},\"image\":{\"@id\":\"https:\/\/famacasino.com\/#\/schema\/logo\/image\/\"}}]}<\/script>\n<!-- \/ Yoast SEO plugin. -->","yoast_head_json":{"title":"Tacka na \u017cetony Drewniana ma\u0142a - Fama Casino","robots":{"index":"noindex","follow":"nofollow"},"og_locale":"en_GB","og_type":"article","og_title":"Tacka na \u017cetony Drewniana ma\u0142a - Fama Casino","og_description":"Ma\u0142a tacka na \u017cetony wykonana z drewna, idealna do przechowywania i organizacji \u017ceton\u00f3w podczas gry. Kompaktowy rozmiar sprawia, \u017ce doskonale sprawdzi si\u0119 przy sto\u0142ach pokerowych i w domowych rozgrywkach. Solidne, estetyczne wykonanie.","og_url":"https:\/\/famacasino.com\/en\/product\/tacka-na-zetony-drewniana-mala-2\/","og_site_name":"Fama Casino","article_modified_time":"2025-07-16T07:08:04+00:00","og_image":[{"width":410,"height":316,"url":"https:\/\/famacasino.com\/wp-content\/uploads\/2025\/04\/Fama-Casino-tacka-na-zetony-drewniana-mala.jpg","type":"image\/jpeg"}],"twitter_card":"summary_large_image","twitter_misc":{"Estimated reading time":"1 minute"},"schema":{"@context":"https:\/\/schema.org","@graph":[{"@type":"WebPage","@id":"https:\/\/famacasino.com\/produkt\/tacka-na-zetony-drewniana-mala-2\/","url":"https:\/\/famacasino.com\/produkt\/tacka-na-zetony-drewniana-mala-2\/","name":"Tacka na \u017cetony Drewniana ma\u0142a - Fama Casino","isPartOf":{"@id":"https:\/\/famacasino.com\/#website"},"primaryImageOfPage":{"@id":"https:\/\/famacasino.com\/produkt\/tacka-na-zetony-drewniana-mala-2\/#primaryimage"},"image":{"@id":"https:\/\/famacasino.com\/produkt\/tacka-na-zetony-drewniana-mala-2\/#primaryimage"},"thumbnailUrl":"https:\/\/famacasino.com\/wp-content\/uploads\/2025\/04\/Fama-Casino-tacka-na-zetony-drewniana-mala.jpg","datePublished":"2025-04-16T09:44:08+00:00","dateModified":"2025-07-16T07:08:04+00:00","breadcrumb":{"@id":"https:\/\/famacasino.com\/produkt\/tacka-na-zetony-drewniana-mala-2\/#breadcrumb"},"inLanguage":"en-GB","potentialAction":[{"@type":"ReadAction","target":["https:\/\/famacasino.com\/produkt\/tacka-na-zetony-drewniana-mala-2\/"]}]},{"@type":"ImageObject","inLanguage":"en-GB","@id":"https:\/\/famacasino.com\/produkt\/tacka-na-zetony-drewniana-mala-2\/#primaryimage","url":"https:\/\/famacasino.com\/wp-content\/uploads\/2025\/04\/Fama-Casino-tacka-na-zetony-drewniana-mala.jpg","contentUrl":"https:\/\/famacasino.com\/wp-content\/uploads\/2025\/04\/Fama-Casino-tacka-na-zetony-drewniana-mala.jpg","width":410,"height":316},{"@type":"BreadcrumbList","@id":"https:\/\/famacasino.com\/produkt\/tacka-na-zetony-drewniana-mala-2\/#breadcrumb","itemListElement":[{"@type":"ListItem","position":1,"name":"Strona g\u0142\u00f3wna","item":"https:\/\/famacasino.com\/"},{"@type":"ListItem","position":2,"name":"Zam\u00f3w","item":"https:\/\/famacasino.com\/zamow\/"},{"@type":"ListItem","position":3,"name":"Tacka na \u017cetony Drewniana ma\u0142a"}]},{"@type":"WebSite","@id":"https:\/\/famacasino.com\/#website","url":"https:\/\/famacasino.com\/","name":"Fama Casino","description":"","publisher":{"@id":"https:\/\/famacasino.com\/#organization"},"potentialAction":[{"@type":"SearchAction","target":{"@type":"EntryPoint","urlTemplate":"https:\/\/famacasino.com\/?s={search_term_string}"},"query-input":{"@type":"PropertyValueSpecification","valueRequired":true,"valueName":"search_term_string"}}],"inLanguage":"en-GB"},{"@type":"Organization","@id":"https:\/\/famacasino.com\/#organization","name":"Fama Casino","url":"https:\/\/famacasino.com\/","logo":{"@type":"ImageObject","inLanguage":"en-GB","@id":"https:\/\/famacasino.com\/#\/schema\/logo\/image\/","url":"https:\/\/famacasino.com\/wp-content\/uploads\/2024\/10\/logo_fama_casino_kolor_big-PNG-poziom.png","contentUrl":"https:\/\/famacasino.com\/wp-content\/uploads\/2024\/10\/logo_fama_casino_kolor_big-PNG-poziom.png","width":5354,"height":1137,"caption":"Fama Casino"},"image":{"@id":"https:\/\/famacasino.com\/#\/schema\/logo\/image\/"}}]}},"_links":{"self":[{"href":"https:\/\/famacasino.com\/en\/wp-json\/wp\/v2\/product\/2342","targetHints":{"allow":["GET"]}}],"collection":[{"href":"https:\/\/famacasino.com\/en\/wp-json\/wp\/v2\/product"}],"about":[{"href":"https:\/\/famacasino.com\/en\/wp-json\/wp\/v2\/types\/product"}],"wp:featuredmedia":[{"embeddable":true,"href":"https:\/\/famacasino.com\/en\/wp-json\/wp\/v2\/media\/2520"}],"wp:attachment":[{"href":"https:\/\/famacasino.com\/en\/wp-json\/wp\/v2\/media?parent=2342"}],"wp:term":[{"taxonomy":"product_brand","embeddable":true,"href":"https:\/\/famacasino.com\/en\/wp-json\/wp\/v2\/product_brand?post=2342"},{"taxonomy":"product_cat","embeddable":true,"href":"https:\/\/famacasino.com\/en\/wp-json\/wp\/v2\/product_cat?post=2342"},{"taxonomy":"product_tag","embeddable":true,"href":"https:\/\/famacasino.com\/en\/wp-json\/wp\/v2\/product_tag?post=2342"}],"curies":[{"name":"wp","href":"https:\/\/api.w.org\/{rel}","templated":true}]}}