{"id":2318,"date":"2025-04-16T08:28:32","date_gmt":"2025-04-16T06:28:32","guid":{"rendered":"https:\/\/fama.plbrand.ayz.pl\/?post_type=product&#038;p=2318"},"modified":"2025-07-29T07:52:46","modified_gmt":"2025-07-29T05:52:46","slug":"stol-do-pokera-wykonczony-drewnem-sukno-premium-wysoka-banda-z-przeszyciem-z-tacka-i-slotem-nogi-drewniane","status":"publish","type":"product","link":"https:\/\/famacasino.com\/en\/product\/stol-do-pokera-wykonczony-drewnem-sukno-premium-wysoka-banda-z-przeszyciem-z-tacka-i-slotem-nogi-drewniane\/","title":{"rendered":"St\u00f3\u0142 do pokera wyko\u0144czony drewnem sukno premium, wysoka banda z przeszyciem, nogi drewniane"},"content":{"rendered":"<p><span class=\"TextRun SCXW203882665 BCX0\" lang=\"PL-PL\" xml:lang=\"PL-PL\" data-contrast=\"auto\"><span class=\"NormalTextRun SCXW203882665 BCX0\">Ten st\u00f3\u0142 do pokera to szczyt elegancji i funkcjonalno\u015bci, stworzony z my\u015bl\u0105 o najbardziej wymagaj\u0105cych graczach i wn\u0119trzach. Wykonany z najwy\u017cszej jako\u015bci drewna i pokryty suknem <\/span><span class=\"NormalTextRun SpellingErrorV2Themed SCXW203882665 BCX0\">premium<\/span><span class=\"NormalTextRun SCXW203882665 BCX0\">, zapewnia niezr\u00f3wnane doznania estetyczne i komfort gry. Wysoka banda z eleganckim przeszyciem dodaje mu luksusowego charakteru i komfortowo podpiera ramiona graczy<\/span><span class=\"NormalTextRun SCXW203882665 BCX0\">. Masywne, rze\u017abione drewniane nogi nie tylko zapewniaj\u0105 <\/span><span class=\"NormalTextRun SCXW203882665 BCX0\">niezachwian\u0105 stabilno\u015b\u0107, ale tak\u017ce stanowi\u0105 element dekoracyjny, podkre\u015blaj\u0105c ekskluzywny charakter sto\u0142u. Ka\u017cdy detal tego sto\u0142u zosta\u0142 starannie zaprojektowany, aby spe\u0142ni\u0107 oczekiwania najbardziej wymagaj\u0105cych klient\u00f3w, poszukuj\u0105cych po\u0142\u0105czenia luksusu, funkcjonalno\u015bci i trwa\u0142o\u015bci. Mo\u017cliwa jest pe\u0142na personalizacja drewna, sukna i dodatk\u00f3w.<\/span><\/span><span class=\"EOP SCXW203882665 BCX0\" data-ccp-props=\"{&quot;335559739&quot;:240,&quot;335572071&quot;:0,&quot;335572072&quot;:0,&quot;335572073&quot;:0,&quot;335572075&quot;:0,&quot;335572076&quot;:0,&quot;335572077&quot;:0,&quot;335572079&quot;:0,&quot;335572080&quot;:0,&quot;335572081&quot;:0,&quot;335572083&quot;:0,&quot;335572084&quot;:0,&quot;335572085&quot;:0,&quot;335572087&quot;:0,&quot;335572088&quot;:0,&quot;335572089&quot;:0,&quot;469789798&quot;:&quot;nil&quot;,&quot;469789802&quot;:&quot;nil&quot;,&quot;469789806&quot;:&quot;nil&quot;,&quot;469789810&quot;:&quot;nil&quot;,&quot;469789814&quot;:&quot;nil&quot;}\">\u00a0<\/span><\/p>","protected":false},"excerpt":{"rendered":"<p><span class=\"TextRun SCXW191129248 BCX0\" lang=\"PL-PL\" xml:lang=\"PL-PL\" data-contrast=\"auto\"><span class=\"NormalTextRun SCXW191129248 BCX0\">Luksusowy st\u00f3\u0142 do pokera z drewnianym wyko\u0144czeniem, suknem <\/span><span class=\"NormalTextRun SpellingErrorV2Themed SCXW191129248 BCX0\">premium<\/span><span class=\"NormalTextRun SCXW191129248 BCX0\">, wysok\u0105 band\u0105 z przeszyciem. Masywne, drewniane nogi podkre\u015blaj\u0105 jego presti\u017cowy charakter. Doskona\u0142y do najbardziej wymagaj\u0105cych aran\u017cacji.<\/span><\/span><span class=\"EOP SCXW191129248 BCX0\" data-ccp-props=\"{&quot;335572071&quot;:0,&quot;335572072&quot;:0,&quot;335572073&quot;:0,&quot;335572075&quot;:0,&quot;335572076&quot;:0,&quot;335572077&quot;:0,&quot;335572079&quot;:0,&quot;335572080&quot;:0,&quot;335572081&quot;:0,&quot;335572083&quot;:0,&quot;335572084&quot;:0,&quot;335572085&quot;:0,&quot;335572087&quot;:0,&quot;335572088&quot;:0,&quot;335572089&quot;:0,&quot;469789798&quot;:&quot;nil&quot;,&quot;469789802&quot;:&quot;nil&quot;,&quot;469789806&quot;:&quot;nil&quot;,&quot;469789810&quot;:&quot;nil&quot;,&quot;469789814&quot;:&quot;nil&quot;}\">\u00a0<\/span><\/p>","protected":false},"featured_media":2848,"template":"","meta":[],"product_brand":[],"product_cat":[55,57],"product_tag":[],"class_list":{"0":"post-2318","1":"product","2":"type-product","3":"status-publish","4":"has-post-thumbnail","6":"product_cat-stoly","7":"product_cat-stoly-do-pokera","8":"product_shipping_class-transport-drogowy","10":"first","11":"instock","12":"taxable","13":"shipping-taxable","14":"purchasable","15":"product-type-easy_product_bundle"},"yoast_head":"<!-- This site is optimized with the Yoast SEO plugin v25.0 - https:\/\/yoast.com\/wordpress\/plugins\/seo\/ -->\n<title>St\u00f3\u0142 do pokera wyko\u0144czony drewnem sukno premium, wysoka banda z przeszyciem, nogi drewniane - Fama Casino<\/title>\n<meta name=\"robots\" content=\"index, follow, max-snippet:-1, max-image-preview:large, max-video-preview:-1\" \/>\n<link rel=\"canonical\" href=\"https:\/\/famacasino.com\/en\/product\/stol-do-pokera-wykonczony-drewnem-sukno-premium-wysoka-banda-z-przeszyciem-z-tacka-i-slotem-nogi-drewniane\/\" \/>\n<meta property=\"og:locale\" content=\"en_GB\" \/>\n<meta property=\"og:type\" content=\"article\" \/>\n<meta property=\"og:title\" content=\"St\u00f3\u0142 do pokera wyko\u0144czony drewnem sukno premium, wysoka banda z przeszyciem, nogi drewniane - Fama Casino\" \/>\n<meta property=\"og:description\" content=\"Luksusowy st\u00f3\u0142 do pokera z drewnianym wyko\u0144czeniem, suknem premium, wysok\u0105 band\u0105 z przeszyciem. Masywne, drewniane nogi podkre\u015blaj\u0105 jego presti\u017cowy charakter. Doskona\u0142y do najbardziej wymagaj\u0105cych aran\u017cacji.\u00a0\" \/>\n<meta property=\"og:url\" content=\"https:\/\/famacasino.com\/en\/product\/stol-do-pokera-wykonczony-drewnem-sukno-premium-wysoka-banda-z-przeszyciem-z-tacka-i-slotem-nogi-drewniane\/\" \/>\n<meta property=\"og:site_name\" content=\"Fama Casino\" \/>\n<meta property=\"article:modified_time\" content=\"2025-07-29T05:52:46+00:00\" \/>\n<meta property=\"og:image\" content=\"https:\/\/famacasino.com\/wp-content\/uploads\/2025\/04\/Fama-Casino-stol-do-pokera-6-001.jpg\" \/>\n\t<meta property=\"og:image:width\" content=\"1200\" \/>\n\t<meta property=\"og:image:height\" content=\"1200\" \/>\n\t<meta property=\"og:image:type\" content=\"image\/jpeg\" \/>\n<meta name=\"twitter:card\" content=\"summary_large_image\" \/>\n<meta name=\"twitter:label1\" content=\"Estimated reading time\" \/>\n\t<meta name=\"twitter:data1\" content=\"1 minute\" \/>\n<script type=\"application\/ld+json\" class=\"yoast-schema-graph\">{\"@context\":\"https:\/\/schema.org\",\"@graph\":[{\"@type\":\"WebPage\",\"@id\":\"https:\/\/famacasino.com\/produkt\/stol-do-pokera-wykonczony-drewnem-sukno-premium-wysoka-banda-z-przeszyciem-z-tacka-i-slotem-nogi-drewniane\/\",\"url\":\"https:\/\/famacasino.com\/produkt\/stol-do-pokera-wykonczony-drewnem-sukno-premium-wysoka-banda-z-przeszyciem-z-tacka-i-slotem-nogi-drewniane\/\",\"name\":\"St\u00f3\u0142 do pokera wyko\u0144czony drewnem sukno premium, wysoka banda z przeszyciem, nogi drewniane - Fama Casino\",\"isPartOf\":{\"@id\":\"https:\/\/famacasino.com\/#website\"},\"primaryImageOfPage\":{\"@id\":\"https:\/\/famacasino.com\/produkt\/stol-do-pokera-wykonczony-drewnem-sukno-premium-wysoka-banda-z-przeszyciem-z-tacka-i-slotem-nogi-drewniane\/#primaryimage\"},\"image\":{\"@id\":\"https:\/\/famacasino.com\/produkt\/stol-do-pokera-wykonczony-drewnem-sukno-premium-wysoka-banda-z-przeszyciem-z-tacka-i-slotem-nogi-drewniane\/#primaryimage\"},\"thumbnailUrl\":\"https:\/\/famacasino.com\/wp-content\/uploads\/2025\/04\/Fama-Casino-stol-do-pokera-6-001.jpg\",\"datePublished\":\"2025-04-16T06:28:32+00:00\",\"dateModified\":\"2025-07-29T05:52:46+00:00\",\"breadcrumb\":{\"@id\":\"https:\/\/famacasino.com\/produkt\/stol-do-pokera-wykonczony-drewnem-sukno-premium-wysoka-banda-z-przeszyciem-z-tacka-i-slotem-nogi-drewniane\/#breadcrumb\"},\"inLanguage\":\"en-GB\",\"potentialAction\":[{\"@type\":\"ReadAction\",\"target\":[\"https:\/\/famacasino.com\/produkt\/stol-do-pokera-wykonczony-drewnem-sukno-premium-wysoka-banda-z-przeszyciem-z-tacka-i-slotem-nogi-drewniane\/\"]}]},{\"@type\":\"ImageObject\",\"inLanguage\":\"en-GB\",\"@id\":\"https:\/\/famacasino.com\/produkt\/stol-do-pokera-wykonczony-drewnem-sukno-premium-wysoka-banda-z-przeszyciem-z-tacka-i-slotem-nogi-drewniane\/#primaryimage\",\"url\":\"https:\/\/famacasino.com\/wp-content\/uploads\/2025\/04\/Fama-Casino-stol-do-pokera-6-001.jpg\",\"contentUrl\":\"https:\/\/famacasino.com\/wp-content\/uploads\/2025\/04\/Fama-Casino-stol-do-pokera-6-001.jpg\",\"width\":1200,\"height\":1200},{\"@type\":\"BreadcrumbList\",\"@id\":\"https:\/\/famacasino.com\/produkt\/stol-do-pokera-wykonczony-drewnem-sukno-premium-wysoka-banda-z-przeszyciem-z-tacka-i-slotem-nogi-drewniane\/#breadcrumb\",\"itemListElement\":[{\"@type\":\"ListItem\",\"position\":1,\"name\":\"Strona g\u0142\u00f3wna\",\"item\":\"https:\/\/famacasino.com\/\"},{\"@type\":\"ListItem\",\"position\":2,\"name\":\"Zam\u00f3w\",\"item\":\"https:\/\/famacasino.com\/zamow\/\"},{\"@type\":\"ListItem\",\"position\":3,\"name\":\"St\u00f3\u0142 do pokera wyko\u0144czony drewnem sukno premium, wysoka banda z przeszyciem, nogi drewniane\"}]},{\"@type\":\"WebSite\",\"@id\":\"https:\/\/famacasino.com\/#website\",\"url\":\"https:\/\/famacasino.com\/\",\"name\":\"Fama Casino\",\"description\":\"\",\"publisher\":{\"@id\":\"https:\/\/famacasino.com\/#organization\"},\"potentialAction\":[{\"@type\":\"SearchAction\",\"target\":{\"@type\":\"EntryPoint\",\"urlTemplate\":\"https:\/\/famacasino.com\/?s={search_term_string}\"},\"query-input\":{\"@type\":\"PropertyValueSpecification\",\"valueRequired\":true,\"valueName\":\"search_term_string\"}}],\"inLanguage\":\"en-GB\"},{\"@type\":\"Organization\",\"@id\":\"https:\/\/famacasino.com\/#organization\",\"name\":\"Fama Casino\",\"url\":\"https:\/\/famacasino.com\/\",\"logo\":{\"@type\":\"ImageObject\",\"inLanguage\":\"en-GB\",\"@id\":\"https:\/\/famacasino.com\/#\/schema\/logo\/image\/\",\"url\":\"https:\/\/famacasino.com\/wp-content\/uploads\/2024\/10\/logo_fama_casino_kolor_big-PNG-poziom.png\",\"contentUrl\":\"https:\/\/famacasino.com\/wp-content\/uploads\/2024\/10\/logo_fama_casino_kolor_big-PNG-poziom.png\",\"width\":5354,\"height\":1137,\"caption\":\"Fama Casino\"},\"image\":{\"@id\":\"https:\/\/famacasino.com\/#\/schema\/logo\/image\/\"}}]}<\/script>\n<!-- \/ Yoast SEO plugin. -->","yoast_head_json":{"title":"St\u00f3\u0142 do pokera wyko\u0144czony drewnem sukno premium, wysoka banda z przeszyciem, nogi drewniane - Fama Casino","robots":{"index":"index","follow":"follow","max-snippet":"max-snippet:-1","max-image-preview":"max-image-preview:large","max-video-preview":"max-video-preview:-1"},"canonical":"https:\/\/famacasino.com\/en\/product\/stol-do-pokera-wykonczony-drewnem-sukno-premium-wysoka-banda-z-przeszyciem-z-tacka-i-slotem-nogi-drewniane\/","og_locale":"en_GB","og_type":"article","og_title":"St\u00f3\u0142 do pokera wyko\u0144czony drewnem sukno premium, wysoka banda z przeszyciem, nogi drewniane - Fama Casino","og_description":"Luksusowy st\u00f3\u0142 do pokera z drewnianym wyko\u0144czeniem, suknem premium, wysok\u0105 band\u0105 z przeszyciem. Masywne, drewniane nogi podkre\u015blaj\u0105 jego presti\u017cowy charakter. Doskona\u0142y do najbardziej wymagaj\u0105cych aran\u017cacji.\u00a0","og_url":"https:\/\/famacasino.com\/en\/product\/stol-do-pokera-wykonczony-drewnem-sukno-premium-wysoka-banda-z-przeszyciem-z-tacka-i-slotem-nogi-drewniane\/","og_site_name":"Fama Casino","article_modified_time":"2025-07-29T05:52:46+00:00","og_image":[{"width":1200,"height":1200,"url":"https:\/\/famacasino.com\/wp-content\/uploads\/2025\/04\/Fama-Casino-stol-do-pokera-6-001.jpg","type":"image\/jpeg"}],"twitter_card":"summary_large_image","twitter_misc":{"Estimated reading time":"1 minute"},"schema":{"@context":"https:\/\/schema.org","@graph":[{"@type":"WebPage","@id":"https:\/\/famacasino.com\/produkt\/stol-do-pokera-wykonczony-drewnem-sukno-premium-wysoka-banda-z-przeszyciem-z-tacka-i-slotem-nogi-drewniane\/","url":"https:\/\/famacasino.com\/produkt\/stol-do-pokera-wykonczony-drewnem-sukno-premium-wysoka-banda-z-przeszyciem-z-tacka-i-slotem-nogi-drewniane\/","name":"St\u00f3\u0142 do pokera wyko\u0144czony drewnem sukno premium, wysoka banda z przeszyciem, nogi drewniane - Fama Casino","isPartOf":{"@id":"https:\/\/famacasino.com\/#website"},"primaryImageOfPage":{"@id":"https:\/\/famacasino.com\/produkt\/stol-do-pokera-wykonczony-drewnem-sukno-premium-wysoka-banda-z-przeszyciem-z-tacka-i-slotem-nogi-drewniane\/#primaryimage"},"image":{"@id":"https:\/\/famacasino.com\/produkt\/stol-do-pokera-wykonczony-drewnem-sukno-premium-wysoka-banda-z-przeszyciem-z-tacka-i-slotem-nogi-drewniane\/#primaryimage"},"thumbnailUrl":"https:\/\/famacasino.com\/wp-content\/uploads\/2025\/04\/Fama-Casino-stol-do-pokera-6-001.jpg","datePublished":"2025-04-16T06:28:32+00:00","dateModified":"2025-07-29T05:52:46+00:00","breadcrumb":{"@id":"https:\/\/famacasino.com\/produkt\/stol-do-pokera-wykonczony-drewnem-sukno-premium-wysoka-banda-z-przeszyciem-z-tacka-i-slotem-nogi-drewniane\/#breadcrumb"},"inLanguage":"en-GB","potentialAction":[{"@type":"ReadAction","target":["https:\/\/famacasino.com\/produkt\/stol-do-pokera-wykonczony-drewnem-sukno-premium-wysoka-banda-z-przeszyciem-z-tacka-i-slotem-nogi-drewniane\/"]}]},{"@type":"ImageObject","inLanguage":"en-GB","@id":"https:\/\/famacasino.com\/produkt\/stol-do-pokera-wykonczony-drewnem-sukno-premium-wysoka-banda-z-przeszyciem-z-tacka-i-slotem-nogi-drewniane\/#primaryimage","url":"https:\/\/famacasino.com\/wp-content\/uploads\/2025\/04\/Fama-Casino-stol-do-pokera-6-001.jpg","contentUrl":"https:\/\/famacasino.com\/wp-content\/uploads\/2025\/04\/Fama-Casino-stol-do-pokera-6-001.jpg","width":1200,"height":1200},{"@type":"BreadcrumbList","@id":"https:\/\/famacasino.com\/produkt\/stol-do-pokera-wykonczony-drewnem-sukno-premium-wysoka-banda-z-przeszyciem-z-tacka-i-slotem-nogi-drewniane\/#breadcrumb","itemListElement":[{"@type":"ListItem","position":1,"name":"Strona g\u0142\u00f3wna","item":"https:\/\/famacasino.com\/"},{"@type":"ListItem","position":2,"name":"Zam\u00f3w","item":"https:\/\/famacasino.com\/zamow\/"},{"@type":"ListItem","position":3,"name":"St\u00f3\u0142 do pokera wyko\u0144czony drewnem sukno premium, wysoka banda z przeszyciem, nogi drewniane"}]},{"@type":"WebSite","@id":"https:\/\/famacasino.com\/#website","url":"https:\/\/famacasino.com\/","name":"Fama Casino","description":"","publisher":{"@id":"https:\/\/famacasino.com\/#organization"},"potentialAction":[{"@type":"SearchAction","target":{"@type":"EntryPoint","urlTemplate":"https:\/\/famacasino.com\/?s={search_term_string}"},"query-input":{"@type":"PropertyValueSpecification","valueRequired":true,"valueName":"search_term_string"}}],"inLanguage":"en-GB"},{"@type":"Organization","@id":"https:\/\/famacasino.com\/#organization","name":"Fama Casino","url":"https:\/\/famacasino.com\/","logo":{"@type":"ImageObject","inLanguage":"en-GB","@id":"https:\/\/famacasino.com\/#\/schema\/logo\/image\/","url":"https:\/\/famacasino.com\/wp-content\/uploads\/2024\/10\/logo_fama_casino_kolor_big-PNG-poziom.png","contentUrl":"https:\/\/famacasino.com\/wp-content\/uploads\/2024\/10\/logo_fama_casino_kolor_big-PNG-poziom.png","width":5354,"height":1137,"caption":"Fama Casino"},"image":{"@id":"https:\/\/famacasino.com\/#\/schema\/logo\/image\/"}}]}},"_links":{"self":[{"href":"https:\/\/famacasino.com\/en\/wp-json\/wp\/v2\/product\/2318","targetHints":{"allow":["GET"]}}],"collection":[{"href":"https:\/\/famacasino.com\/en\/wp-json\/wp\/v2\/product"}],"about":[{"href":"https:\/\/famacasino.com\/en\/wp-json\/wp\/v2\/types\/product"}],"wp:featuredmedia":[{"embeddable":true,"href":"https:\/\/famacasino.com\/en\/wp-json\/wp\/v2\/media\/2848"}],"wp:attachment":[{"href":"https:\/\/famacasino.com\/en\/wp-json\/wp\/v2\/media?parent=2318"}],"wp:term":[{"taxonomy":"product_brand","embeddable":true,"href":"https:\/\/famacasino.com\/en\/wp-json\/wp\/v2\/product_brand?post=2318"},{"taxonomy":"product_cat","embeddable":true,"href":"https:\/\/famacasino.com\/en\/wp-json\/wp\/v2\/product_cat?post=2318"},{"taxonomy":"product_tag","embeddable":true,"href":"https:\/\/famacasino.com\/en\/wp-json\/wp\/v2\/product_tag?post=2318"}],"curies":[{"name":"wp","href":"https:\/\/api.w.org\/{rel}","templated":true}]}}