{"id":2315,"date":"2025-04-15T14:38:36","date_gmt":"2025-04-15T12:38:36","guid":{"rendered":"https:\/\/fama.plbrand.ayz.pl\/?post_type=product&#038;p=2315"},"modified":"2025-07-29T07:53:02","modified_gmt":"2025-07-29T05:53:02","slug":"stol-do-pokera-sukno-premium-wysoka-banda-z-przeszyciem-led-stelaz-skladany","status":"publish","type":"product","link":"https:\/\/famacasino.com\/en\/product\/stol-do-pokera-sukno-premium-wysoka-banda-z-przeszyciem-led-stelaz-skladany\/","title":{"rendered":"St\u00f3\u0142 do pokera sukno premium, wysoka banda z przeszyciem + LED, stela\u017c sk\u0142adany"},"content":{"rendered":"<p><span class=\"TextRun SCXW243426035 BCX0\" lang=\"PL-PL\" xml:lang=\"PL-PL\" data-contrast=\"auto\"><span class=\"NormalTextRun SCXW243426035 BCX0\">Ten st\u00f3\u0142 do pokera to kwintesencja profesjonalizmu i komfortu gry. Blat pokryty suknem <\/span><span class=\"NormalTextRun SpellingErrorV2Themed SCXW243426035 BCX0\">premium<\/span><span class=\"NormalTextRun SCXW243426035 BCX0\"> zapewnia optymalne warunki do rozgrywki, a wysoka banda z eleganckim przeszyciem oferuje komfortowe oparcie dla graczy.<\/span><span class=\"NormalTextRun SCXW243426035 BCX0\">\u00a0Sk\u0142adany metalowy stela\u017c gwarantuje niezwyk\u0142\u0105 stabilno\u015b\u0107 nawet podczas najbardziej dynamicznych rozgrywek, a jego mobilno\u015b\u0107 pozwala na \u0142atwe przenoszenie i przech<\/span><span class=\"NormalTextRun SCXW243426035 BCX0\">owywanie sto\u0142u. St\u00f3\u0142 mo\u017ce by\u0107 dodatkowo spersonalizowany poprzez wyb\u00f3r koloru sukna, przeszycia oraz opcji dodatkowych, takich jak o\u015bwietlenie LED czy uchwyty na napoje, co czyni go idealnym wyborem dla profesjonalist\u00f3w i entuzjast\u00f3w pokera.<\/span><\/span><span class=\"EOP SCXW243426035 BCX0\" data-ccp-props=\"{&quot;335559739&quot;:240,&quot;335572071&quot;:0,&quot;335572072&quot;:0,&quot;335572073&quot;:0,&quot;335572075&quot;:0,&quot;335572076&quot;:0,&quot;335572077&quot;:0,&quot;335572079&quot;:0,&quot;335572080&quot;:0,&quot;335572081&quot;:0,&quot;335572083&quot;:0,&quot;335572084&quot;:0,&quot;335572085&quot;:0,&quot;335572087&quot;:0,&quot;335572088&quot;:0,&quot;335572089&quot;:0,&quot;469789798&quot;:&quot;nil&quot;,&quot;469789802&quot;:&quot;nil&quot;,&quot;469789806&quot;:&quot;nil&quot;,&quot;469789810&quot;:&quot;nil&quot;,&quot;469789814&quot;:&quot;nil&quot;}\">\u00a0<\/span><\/p>","protected":false},"excerpt":{"rendered":"<p><span class=\"TextRun SCXW126298275 BCX0\" lang=\"PL-PL\" xml:lang=\"PL-PL\" data-contrast=\"auto\"><span class=\"NormalTextRun SCXW126298275 BCX0\">Profesjonalny st\u00f3\u0142 do pokera z suknem <\/span><span class=\"NormalTextRun SpellingErrorV2Themed SCXW126298275 BCX0\">premium<\/span><span class=\"NormalTextRun SCXW126298275 BCX0\">, wysok\u0105 band\u0105 z eleganckim przeszyciem. Sk\u0142adany metalowy stela\u017c gwarantuje stabilno\u015b\u0107 i mobilno\u015b\u0107. Idealny dla wymagaj\u0105cych graczy.<\/span><\/span><span class=\"EOP SCXW126298275 BCX0\" data-ccp-props=\"{&quot;335572071&quot;:0,&quot;335572072&quot;:0,&quot;335572073&quot;:0,&quot;335572075&quot;:0,&quot;335572076&quot;:0,&quot;335572077&quot;:0,&quot;335572079&quot;:0,&quot;335572080&quot;:0,&quot;335572081&quot;:0,&quot;335572083&quot;:0,&quot;335572084&quot;:0,&quot;335572085&quot;:0,&quot;335572087&quot;:0,&quot;335572088&quot;:0,&quot;335572089&quot;:0,&quot;469789798&quot;:&quot;nil&quot;,&quot;469789802&quot;:&quot;nil&quot;,&quot;469789806&quot;:&quot;nil&quot;,&quot;469789810&quot;:&quot;nil&quot;,&quot;469789814&quot;:&quot;nil&quot;}\">\u00a0<\/span><\/p>","protected":false},"featured_media":3181,"template":"","meta":[],"product_brand":[],"product_cat":[55,57],"product_tag":[],"class_list":{"0":"post-2315","1":"product","2":"type-product","3":"status-publish","4":"has-post-thumbnail","6":"product_cat-stoly","7":"product_cat-stoly-do-pokera","8":"product_shipping_class-transport-drogowy","10":"first","11":"instock","12":"taxable","13":"shipping-taxable","14":"purchasable","15":"product-type-easy_product_bundle"},"yoast_head":"<!-- This site is optimized with the Yoast SEO plugin v25.0 - https:\/\/yoast.com\/wordpress\/plugins\/seo\/ -->\n<title>St\u00f3\u0142 do pokera sukno premium, wysoka banda z przeszyciem + LED, stela\u017c sk\u0142adany - Fama Casino<\/title>\n<meta name=\"robots\" content=\"index, follow, max-snippet:-1, max-image-preview:large, max-video-preview:-1\" \/>\n<link rel=\"canonical\" href=\"https:\/\/famacasino.com\/en\/product\/stol-do-pokera-sukno-premium-wysoka-banda-z-przeszyciem-led-stelaz-skladany\/\" \/>\n<meta property=\"og:locale\" content=\"en_GB\" \/>\n<meta property=\"og:type\" content=\"article\" \/>\n<meta property=\"og:title\" content=\"St\u00f3\u0142 do pokera sukno premium, wysoka banda z przeszyciem + LED, stela\u017c sk\u0142adany - Fama Casino\" \/>\n<meta property=\"og:description\" content=\"Profesjonalny st\u00f3\u0142 do pokera z suknem premium, wysok\u0105 band\u0105 z eleganckim przeszyciem. Sk\u0142adany metalowy stela\u017c gwarantuje stabilno\u015b\u0107 i mobilno\u015b\u0107. Idealny dla wymagaj\u0105cych graczy.\u00a0\" \/>\n<meta property=\"og:url\" content=\"https:\/\/famacasino.com\/en\/product\/stol-do-pokera-sukno-premium-wysoka-banda-z-przeszyciem-led-stelaz-skladany\/\" \/>\n<meta property=\"og:site_name\" content=\"Fama Casino\" \/>\n<meta property=\"article:modified_time\" content=\"2025-07-29T05:53:02+00:00\" \/>\n<meta property=\"og:image\" content=\"https:\/\/famacasino.com\/wp-content\/uploads\/2025\/04\/Fama_Casino_poker_premium_led_16.jpg\" \/>\n\t<meta property=\"og:image:width\" content=\"820\" \/>\n\t<meta property=\"og:image:height\" content=\"632\" \/>\n\t<meta property=\"og:image:type\" content=\"image\/jpeg\" \/>\n<meta name=\"twitter:card\" content=\"summary_large_image\" \/>\n<meta name=\"twitter:label1\" content=\"Estimated reading time\" \/>\n\t<meta name=\"twitter:data1\" content=\"1 minute\" \/>\n<script type=\"application\/ld+json\" class=\"yoast-schema-graph\">{\"@context\":\"https:\/\/schema.org\",\"@graph\":[{\"@type\":\"WebPage\",\"@id\":\"https:\/\/famacasino.com\/produkt\/stol-do-pokera-sukno-premium-wysoka-banda-z-przeszyciem-led-stelaz-skladany\/\",\"url\":\"https:\/\/famacasino.com\/produkt\/stol-do-pokera-sukno-premium-wysoka-banda-z-przeszyciem-led-stelaz-skladany\/\",\"name\":\"St\u00f3\u0142 do pokera sukno premium, wysoka banda z przeszyciem + LED, stela\u017c sk\u0142adany - Fama Casino\",\"isPartOf\":{\"@id\":\"https:\/\/famacasino.com\/#website\"},\"primaryImageOfPage\":{\"@id\":\"https:\/\/famacasino.com\/produkt\/stol-do-pokera-sukno-premium-wysoka-banda-z-przeszyciem-led-stelaz-skladany\/#primaryimage\"},\"image\":{\"@id\":\"https:\/\/famacasino.com\/produkt\/stol-do-pokera-sukno-premium-wysoka-banda-z-przeszyciem-led-stelaz-skladany\/#primaryimage\"},\"thumbnailUrl\":\"https:\/\/famacasino.com\/wp-content\/uploads\/2025\/04\/Fama_Casino_poker_premium_led_16.jpg\",\"datePublished\":\"2025-04-15T12:38:36+00:00\",\"dateModified\":\"2025-07-29T05:53:02+00:00\",\"breadcrumb\":{\"@id\":\"https:\/\/famacasino.com\/produkt\/stol-do-pokera-sukno-premium-wysoka-banda-z-przeszyciem-led-stelaz-skladany\/#breadcrumb\"},\"inLanguage\":\"en-GB\",\"potentialAction\":[{\"@type\":\"ReadAction\",\"target\":[\"https:\/\/famacasino.com\/produkt\/stol-do-pokera-sukno-premium-wysoka-banda-z-przeszyciem-led-stelaz-skladany\/\"]}]},{\"@type\":\"ImageObject\",\"inLanguage\":\"en-GB\",\"@id\":\"https:\/\/famacasino.com\/produkt\/stol-do-pokera-sukno-premium-wysoka-banda-z-przeszyciem-led-stelaz-skladany\/#primaryimage\",\"url\":\"https:\/\/famacasino.com\/wp-content\/uploads\/2025\/04\/Fama_Casino_poker_premium_led_16.jpg\",\"contentUrl\":\"https:\/\/famacasino.com\/wp-content\/uploads\/2025\/04\/Fama_Casino_poker_premium_led_16.jpg\",\"width\":820,\"height\":632},{\"@type\":\"BreadcrumbList\",\"@id\":\"https:\/\/famacasino.com\/produkt\/stol-do-pokera-sukno-premium-wysoka-banda-z-przeszyciem-led-stelaz-skladany\/#breadcrumb\",\"itemListElement\":[{\"@type\":\"ListItem\",\"position\":1,\"name\":\"Strona g\u0142\u00f3wna\",\"item\":\"https:\/\/famacasino.com\/\"},{\"@type\":\"ListItem\",\"position\":2,\"name\":\"Zam\u00f3w\",\"item\":\"https:\/\/famacasino.com\/zamow\/\"},{\"@type\":\"ListItem\",\"position\":3,\"name\":\"St\u00f3\u0142 do pokera sukno premium, wysoka banda z przeszyciem + LED, stela\u017c sk\u0142adany\"}]},{\"@type\":\"WebSite\",\"@id\":\"https:\/\/famacasino.com\/#website\",\"url\":\"https:\/\/famacasino.com\/\",\"name\":\"Fama Casino\",\"description\":\"\",\"publisher\":{\"@id\":\"https:\/\/famacasino.com\/#organization\"},\"potentialAction\":[{\"@type\":\"SearchAction\",\"target\":{\"@type\":\"EntryPoint\",\"urlTemplate\":\"https:\/\/famacasino.com\/?s={search_term_string}\"},\"query-input\":{\"@type\":\"PropertyValueSpecification\",\"valueRequired\":true,\"valueName\":\"search_term_string\"}}],\"inLanguage\":\"en-GB\"},{\"@type\":\"Organization\",\"@id\":\"https:\/\/famacasino.com\/#organization\",\"name\":\"Fama Casino\",\"url\":\"https:\/\/famacasino.com\/\",\"logo\":{\"@type\":\"ImageObject\",\"inLanguage\":\"en-GB\",\"@id\":\"https:\/\/famacasino.com\/#\/schema\/logo\/image\/\",\"url\":\"https:\/\/famacasino.com\/wp-content\/uploads\/2024\/10\/logo_fama_casino_kolor_big-PNG-poziom.png\",\"contentUrl\":\"https:\/\/famacasino.com\/wp-content\/uploads\/2024\/10\/logo_fama_casino_kolor_big-PNG-poziom.png\",\"width\":5354,\"height\":1137,\"caption\":\"Fama Casino\"},\"image\":{\"@id\":\"https:\/\/famacasino.com\/#\/schema\/logo\/image\/\"}}]}<\/script>\n<!-- \/ Yoast SEO plugin. -->","yoast_head_json":{"title":"St\u00f3\u0142 do pokera sukno premium, wysoka banda z przeszyciem + LED, stela\u017c sk\u0142adany - Fama Casino","robots":{"index":"index","follow":"follow","max-snippet":"max-snippet:-1","max-image-preview":"max-image-preview:large","max-video-preview":"max-video-preview:-1"},"canonical":"https:\/\/famacasino.com\/en\/product\/stol-do-pokera-sukno-premium-wysoka-banda-z-przeszyciem-led-stelaz-skladany\/","og_locale":"en_GB","og_type":"article","og_title":"St\u00f3\u0142 do pokera sukno premium, wysoka banda z przeszyciem + LED, stela\u017c sk\u0142adany - Fama Casino","og_description":"Profesjonalny st\u00f3\u0142 do pokera z suknem premium, wysok\u0105 band\u0105 z eleganckim przeszyciem. Sk\u0142adany metalowy stela\u017c gwarantuje stabilno\u015b\u0107 i mobilno\u015b\u0107. Idealny dla wymagaj\u0105cych graczy.\u00a0","og_url":"https:\/\/famacasino.com\/en\/product\/stol-do-pokera-sukno-premium-wysoka-banda-z-przeszyciem-led-stelaz-skladany\/","og_site_name":"Fama Casino","article_modified_time":"2025-07-29T05:53:02+00:00","og_image":[{"width":820,"height":632,"url":"https:\/\/famacasino.com\/wp-content\/uploads\/2025\/04\/Fama_Casino_poker_premium_led_16.jpg","type":"image\/jpeg"}],"twitter_card":"summary_large_image","twitter_misc":{"Estimated reading time":"1 minute"},"schema":{"@context":"https:\/\/schema.org","@graph":[{"@type":"WebPage","@id":"https:\/\/famacasino.com\/produkt\/stol-do-pokera-sukno-premium-wysoka-banda-z-przeszyciem-led-stelaz-skladany\/","url":"https:\/\/famacasino.com\/produkt\/stol-do-pokera-sukno-premium-wysoka-banda-z-przeszyciem-led-stelaz-skladany\/","name":"St\u00f3\u0142 do pokera sukno premium, wysoka banda z przeszyciem + LED, stela\u017c sk\u0142adany - Fama Casino","isPartOf":{"@id":"https:\/\/famacasino.com\/#website"},"primaryImageOfPage":{"@id":"https:\/\/famacasino.com\/produkt\/stol-do-pokera-sukno-premium-wysoka-banda-z-przeszyciem-led-stelaz-skladany\/#primaryimage"},"image":{"@id":"https:\/\/famacasino.com\/produkt\/stol-do-pokera-sukno-premium-wysoka-banda-z-przeszyciem-led-stelaz-skladany\/#primaryimage"},"thumbnailUrl":"https:\/\/famacasino.com\/wp-content\/uploads\/2025\/04\/Fama_Casino_poker_premium_led_16.jpg","datePublished":"2025-04-15T12:38:36+00:00","dateModified":"2025-07-29T05:53:02+00:00","breadcrumb":{"@id":"https:\/\/famacasino.com\/produkt\/stol-do-pokera-sukno-premium-wysoka-banda-z-przeszyciem-led-stelaz-skladany\/#breadcrumb"},"inLanguage":"en-GB","potentialAction":[{"@type":"ReadAction","target":["https:\/\/famacasino.com\/produkt\/stol-do-pokera-sukno-premium-wysoka-banda-z-przeszyciem-led-stelaz-skladany\/"]}]},{"@type":"ImageObject","inLanguage":"en-GB","@id":"https:\/\/famacasino.com\/produkt\/stol-do-pokera-sukno-premium-wysoka-banda-z-przeszyciem-led-stelaz-skladany\/#primaryimage","url":"https:\/\/famacasino.com\/wp-content\/uploads\/2025\/04\/Fama_Casino_poker_premium_led_16.jpg","contentUrl":"https:\/\/famacasino.com\/wp-content\/uploads\/2025\/04\/Fama_Casino_poker_premium_led_16.jpg","width":820,"height":632},{"@type":"BreadcrumbList","@id":"https:\/\/famacasino.com\/produkt\/stol-do-pokera-sukno-premium-wysoka-banda-z-przeszyciem-led-stelaz-skladany\/#breadcrumb","itemListElement":[{"@type":"ListItem","position":1,"name":"Strona g\u0142\u00f3wna","item":"https:\/\/famacasino.com\/"},{"@type":"ListItem","position":2,"name":"Zam\u00f3w","item":"https:\/\/famacasino.com\/zamow\/"},{"@type":"ListItem","position":3,"name":"St\u00f3\u0142 do pokera sukno premium, wysoka banda z przeszyciem + LED, stela\u017c sk\u0142adany"}]},{"@type":"WebSite","@id":"https:\/\/famacasino.com\/#website","url":"https:\/\/famacasino.com\/","name":"Fama Casino","description":"","publisher":{"@id":"https:\/\/famacasino.com\/#organization"},"potentialAction":[{"@type":"SearchAction","target":{"@type":"EntryPoint","urlTemplate":"https:\/\/famacasino.com\/?s={search_term_string}"},"query-input":{"@type":"PropertyValueSpecification","valueRequired":true,"valueName":"search_term_string"}}],"inLanguage":"en-GB"},{"@type":"Organization","@id":"https:\/\/famacasino.com\/#organization","name":"Fama Casino","url":"https:\/\/famacasino.com\/","logo":{"@type":"ImageObject","inLanguage":"en-GB","@id":"https:\/\/famacasino.com\/#\/schema\/logo\/image\/","url":"https:\/\/famacasino.com\/wp-content\/uploads\/2024\/10\/logo_fama_casino_kolor_big-PNG-poziom.png","contentUrl":"https:\/\/famacasino.com\/wp-content\/uploads\/2024\/10\/logo_fama_casino_kolor_big-PNG-poziom.png","width":5354,"height":1137,"caption":"Fama Casino"},"image":{"@id":"https:\/\/famacasino.com\/#\/schema\/logo\/image\/"}}]}},"_links":{"self":[{"href":"https:\/\/famacasino.com\/en\/wp-json\/wp\/v2\/product\/2315","targetHints":{"allow":["GET"]}}],"collection":[{"href":"https:\/\/famacasino.com\/en\/wp-json\/wp\/v2\/product"}],"about":[{"href":"https:\/\/famacasino.com\/en\/wp-json\/wp\/v2\/types\/product"}],"wp:featuredmedia":[{"embeddable":true,"href":"https:\/\/famacasino.com\/en\/wp-json\/wp\/v2\/media\/3181"}],"wp:attachment":[{"href":"https:\/\/famacasino.com\/en\/wp-json\/wp\/v2\/media?parent=2315"}],"wp:term":[{"taxonomy":"product_brand","embeddable":true,"href":"https:\/\/famacasino.com\/en\/wp-json\/wp\/v2\/product_brand?post=2315"},{"taxonomy":"product_cat","embeddable":true,"href":"https:\/\/famacasino.com\/en\/wp-json\/wp\/v2\/product_cat?post=2315"},{"taxonomy":"product_tag","embeddable":true,"href":"https:\/\/famacasino.com\/en\/wp-json\/wp\/v2\/product_tag?post=2315"}],"curies":[{"name":"wp","href":"https:\/\/api.w.org\/{rel}","templated":true}]}}