{"id":2178,"date":"2025-04-08T13:38:03","date_gmt":"2025-04-08T11:38:03","guid":{"rendered":"https:\/\/fama.plbrand.ayz.pl\/?post_type=product&#038;p=2178"},"modified":"2025-07-16T13:21:16","modified_gmt":"2025-07-16T11:21:16","slug":"stol-do-black-jacka-wykonczony-drewnem-sukno-standardowe-nogi-z-plyt-obitych-aksamitem","status":"publish","type":"product","link":"https:\/\/famacasino.com\/en\/product\/stol-do-black-jacka-wykonczony-drewnem-sukno-standardowe-nogi-z-plyt-obitych-aksamitem\/","title":{"rendered":"St\u00f3\u0142 do Black Jacka wyko\u0144czony drewnem, sukno standardowe, nogi z p\u0142yt obitych aksamitem"},"content":{"rendered":"<p><span class=\"NormalTextRun SCXW239409347 BCX0\">Ten st\u00f3\u0142 do Black Jacka to doskona\u0142y wyb\u00f3r dla tych, kt\u00f3rzy ceni\u0105 sobie klasyczny wygl\u0105d i niezawodno\u015b\u0107. Blat, pokryty standardowym suknem, zapewnia solidn\u0105 powierzchni\u0119 do gry, a eleganckie drewniane wyko\u0144czenie dodaje sto\u0142owi presti\u017cu i szlachetno\u015bci. Nogi wykonane z p\u0142yt, obite mi\u0119kkim aksamitem, nie tylko gwarantuj\u0105 stabilno\u015b\u0107, ale tak\u017ce wprowadzaj\u0105 element luksusu i komfortu. Ten model idealnie wkomponuje si\u0119 w eleganckie wn\u0119trza, zar\u00f3wno w domach, jak i w prywatnych klubach czy salonach gier, gdzie l<\/span><span class=\"NormalTextRun SCXW239409347 BCX0\">iczy si\u0119 ponadczasowy styl i funkcjonalno\u015b\u0107. Dost\u0119pne s\u0105 r\u00f3\u017cne gatunki drewna i kolory aksamitu.<\/span><\/p>","protected":false},"excerpt":{"rendered":"<p><span class=\"TextRun SCXW41566346 BCX0\" lang=\"PL-PL\" xml:lang=\"PL-PL\" data-contrast=\"auto\"><span class=\"NormalTextRun SCXW41566346 BCX0\">Stylowy st\u00f3\u0142 do Black Jacka z drewnianym wyko\u0144czeniem, standardowym suknem i nogami obitymi aksamitem. Po\u0142\u0105czenie klasyki i funkcjonalno\u015bci, idealne do eleganckich wn\u0119trz.<\/span><\/span><span class=\"EOP SCXW41566346 BCX0\" data-ccp-props=\"{&quot;335572071&quot;:0,&quot;335572072&quot;:0,&quot;335572073&quot;:0,&quot;335572075&quot;:0,&quot;335572076&quot;:0,&quot;335572077&quot;:0,&quot;335572079&quot;:0,&quot;335572080&quot;:0,&quot;335572081&quot;:0,&quot;335572083&quot;:0,&quot;335572084&quot;:0,&quot;335572085&quot;:0,&quot;335572087&quot;:0,&quot;335572088&quot;:0,&quot;335572089&quot;:0,&quot;469789798&quot;:&quot;nil&quot;,&quot;469789802&quot;:&quot;nil&quot;,&quot;469789806&quot;:&quot;nil&quot;,&quot;469789810&quot;:&quot;nil&quot;,&quot;469789814&quot;:&quot;nil&quot;}\">\u00a0<\/span><\/p>","protected":false},"featured_media":2872,"template":"","meta":[],"product_brand":[],"product_cat":[55,58],"product_tag":[],"class_list":{"0":"post-2178","1":"product","2":"type-product","3":"status-publish","4":"has-post-thumbnail","6":"product_cat-stoly","7":"product_cat-stoly-do-black-jacka","8":"product_shipping_class-transport-drogowy","10":"first","11":"instock","12":"taxable","13":"shipping-taxable","14":"purchasable","15":"product-type-easy_product_bundle"},"yoast_head":"<!-- This site is optimized with the Yoast SEO plugin v25.0 - https:\/\/yoast.com\/wordpress\/plugins\/seo\/ -->\n<title>St\u00f3\u0142 do Black Jacka wyko\u0144czony drewnem, sukno standardowe, nogi z p\u0142yt obitych aksamitem - Fama Casino<\/title>\n<meta name=\"robots\" content=\"index, follow, max-snippet:-1, max-image-preview:large, max-video-preview:-1\" \/>\n<link rel=\"canonical\" href=\"https:\/\/famacasino.com\/en\/product\/stol-do-black-jacka-wykonczony-drewnem-sukno-standardowe-nogi-z-plyt-obitych-aksamitem\/\" \/>\n<meta property=\"og:locale\" content=\"en_GB\" \/>\n<meta property=\"og:type\" content=\"article\" \/>\n<meta property=\"og:title\" content=\"St\u00f3\u0142 do Black Jacka wyko\u0144czony drewnem, sukno standardowe, nogi z p\u0142yt obitych aksamitem - Fama Casino\" \/>\n<meta property=\"og:description\" content=\"Stylowy st\u00f3\u0142 do Black Jacka z drewnianym wyko\u0144czeniem, standardowym suknem i nogami obitymi aksamitem. Po\u0142\u0105czenie klasyki i funkcjonalno\u015bci, idealne do eleganckich wn\u0119trz.\u00a0\" \/>\n<meta property=\"og:url\" content=\"https:\/\/famacasino.com\/en\/product\/stol-do-black-jacka-wykonczony-drewnem-sukno-standardowe-nogi-z-plyt-obitych-aksamitem\/\" \/>\n<meta property=\"og:site_name\" content=\"Fama Casino\" \/>\n<meta property=\"article:modified_time\" content=\"2025-07-16T11:21:16+00:00\" \/>\n<meta property=\"og:image\" content=\"https:\/\/famacasino.com\/wp-content\/uploads\/2025\/04\/Fama-Casino-stol-do-black-jacka-3-001.jpg\" \/>\n\t<meta property=\"og:image:width\" content=\"1200\" \/>\n\t<meta property=\"og:image:height\" content=\"1200\" \/>\n\t<meta property=\"og:image:type\" content=\"image\/jpeg\" \/>\n<meta name=\"twitter:card\" content=\"summary_large_image\" \/>\n<meta name=\"twitter:label1\" content=\"Estimated reading time\" \/>\n\t<meta name=\"twitter:data1\" content=\"1 minute\" \/>\n<script type=\"application\/ld+json\" class=\"yoast-schema-graph\">{\"@context\":\"https:\/\/schema.org\",\"@graph\":[{\"@type\":\"WebPage\",\"@id\":\"https:\/\/famacasino.com\/produkt\/stol-do-black-jacka-wykonczony-drewnem-sukno-standardowe-nogi-z-plyt-obitych-aksamitem\/\",\"url\":\"https:\/\/famacasino.com\/produkt\/stol-do-black-jacka-wykonczony-drewnem-sukno-standardowe-nogi-z-plyt-obitych-aksamitem\/\",\"name\":\"St\u00f3\u0142 do Black Jacka wyko\u0144czony drewnem, sukno standardowe, nogi z p\u0142yt obitych aksamitem - Fama Casino\",\"isPartOf\":{\"@id\":\"https:\/\/famacasino.com\/#website\"},\"primaryImageOfPage\":{\"@id\":\"https:\/\/famacasino.com\/produkt\/stol-do-black-jacka-wykonczony-drewnem-sukno-standardowe-nogi-z-plyt-obitych-aksamitem\/#primaryimage\"},\"image\":{\"@id\":\"https:\/\/famacasino.com\/produkt\/stol-do-black-jacka-wykonczony-drewnem-sukno-standardowe-nogi-z-plyt-obitych-aksamitem\/#primaryimage\"},\"thumbnailUrl\":\"https:\/\/famacasino.com\/wp-content\/uploads\/2025\/04\/Fama-Casino-stol-do-black-jacka-3-001.jpg\",\"datePublished\":\"2025-04-08T11:38:03+00:00\",\"dateModified\":\"2025-07-16T11:21:16+00:00\",\"breadcrumb\":{\"@id\":\"https:\/\/famacasino.com\/produkt\/stol-do-black-jacka-wykonczony-drewnem-sukno-standardowe-nogi-z-plyt-obitych-aksamitem\/#breadcrumb\"},\"inLanguage\":\"en-GB\",\"potentialAction\":[{\"@type\":\"ReadAction\",\"target\":[\"https:\/\/famacasino.com\/produkt\/stol-do-black-jacka-wykonczony-drewnem-sukno-standardowe-nogi-z-plyt-obitych-aksamitem\/\"]}]},{\"@type\":\"ImageObject\",\"inLanguage\":\"en-GB\",\"@id\":\"https:\/\/famacasino.com\/produkt\/stol-do-black-jacka-wykonczony-drewnem-sukno-standardowe-nogi-z-plyt-obitych-aksamitem\/#primaryimage\",\"url\":\"https:\/\/famacasino.com\/wp-content\/uploads\/2025\/04\/Fama-Casino-stol-do-black-jacka-3-001.jpg\",\"contentUrl\":\"https:\/\/famacasino.com\/wp-content\/uploads\/2025\/04\/Fama-Casino-stol-do-black-jacka-3-001.jpg\",\"width\":1200,\"height\":1200},{\"@type\":\"BreadcrumbList\",\"@id\":\"https:\/\/famacasino.com\/produkt\/stol-do-black-jacka-wykonczony-drewnem-sukno-standardowe-nogi-z-plyt-obitych-aksamitem\/#breadcrumb\",\"itemListElement\":[{\"@type\":\"ListItem\",\"position\":1,\"name\":\"Strona g\u0142\u00f3wna\",\"item\":\"https:\/\/famacasino.com\/\"},{\"@type\":\"ListItem\",\"position\":2,\"name\":\"Zam\u00f3w\",\"item\":\"https:\/\/famacasino.com\/zamow\/\"},{\"@type\":\"ListItem\",\"position\":3,\"name\":\"St\u00f3\u0142 do Black Jacka wyko\u0144czony drewnem, sukno standardowe, nogi z p\u0142yt obitych aksamitem\"}]},{\"@type\":\"WebSite\",\"@id\":\"https:\/\/famacasino.com\/#website\",\"url\":\"https:\/\/famacasino.com\/\",\"name\":\"Fama Casino\",\"description\":\"\",\"publisher\":{\"@id\":\"https:\/\/famacasino.com\/#organization\"},\"potentialAction\":[{\"@type\":\"SearchAction\",\"target\":{\"@type\":\"EntryPoint\",\"urlTemplate\":\"https:\/\/famacasino.com\/?s={search_term_string}\"},\"query-input\":{\"@type\":\"PropertyValueSpecification\",\"valueRequired\":true,\"valueName\":\"search_term_string\"}}],\"inLanguage\":\"en-GB\"},{\"@type\":\"Organization\",\"@id\":\"https:\/\/famacasino.com\/#organization\",\"name\":\"Fama Casino\",\"url\":\"https:\/\/famacasino.com\/\",\"logo\":{\"@type\":\"ImageObject\",\"inLanguage\":\"en-GB\",\"@id\":\"https:\/\/famacasino.com\/#\/schema\/logo\/image\/\",\"url\":\"https:\/\/famacasino.com\/wp-content\/uploads\/2024\/10\/logo_fama_casino_kolor_big-PNG-poziom.png\",\"contentUrl\":\"https:\/\/famacasino.com\/wp-content\/uploads\/2024\/10\/logo_fama_casino_kolor_big-PNG-poziom.png\",\"width\":5354,\"height\":1137,\"caption\":\"Fama Casino\"},\"image\":{\"@id\":\"https:\/\/famacasino.com\/#\/schema\/logo\/image\/\"}}]}<\/script>\n<!-- \/ Yoast SEO plugin. -->","yoast_head_json":{"title":"St\u00f3\u0142 do Black Jacka wyko\u0144czony drewnem, sukno standardowe, nogi z p\u0142yt obitych aksamitem - Fama Casino","robots":{"index":"index","follow":"follow","max-snippet":"max-snippet:-1","max-image-preview":"max-image-preview:large","max-video-preview":"max-video-preview:-1"},"canonical":"https:\/\/famacasino.com\/en\/product\/stol-do-black-jacka-wykonczony-drewnem-sukno-standardowe-nogi-z-plyt-obitych-aksamitem\/","og_locale":"en_GB","og_type":"article","og_title":"St\u00f3\u0142 do Black Jacka wyko\u0144czony drewnem, sukno standardowe, nogi z p\u0142yt obitych aksamitem - Fama Casino","og_description":"Stylowy st\u00f3\u0142 do Black Jacka z drewnianym wyko\u0144czeniem, standardowym suknem i nogami obitymi aksamitem. Po\u0142\u0105czenie klasyki i funkcjonalno\u015bci, idealne do eleganckich wn\u0119trz.\u00a0","og_url":"https:\/\/famacasino.com\/en\/product\/stol-do-black-jacka-wykonczony-drewnem-sukno-standardowe-nogi-z-plyt-obitych-aksamitem\/","og_site_name":"Fama Casino","article_modified_time":"2025-07-16T11:21:16+00:00","og_image":[{"width":1200,"height":1200,"url":"https:\/\/famacasino.com\/wp-content\/uploads\/2025\/04\/Fama-Casino-stol-do-black-jacka-3-001.jpg","type":"image\/jpeg"}],"twitter_card":"summary_large_image","twitter_misc":{"Estimated reading time":"1 minute"},"schema":{"@context":"https:\/\/schema.org","@graph":[{"@type":"WebPage","@id":"https:\/\/famacasino.com\/produkt\/stol-do-black-jacka-wykonczony-drewnem-sukno-standardowe-nogi-z-plyt-obitych-aksamitem\/","url":"https:\/\/famacasino.com\/produkt\/stol-do-black-jacka-wykonczony-drewnem-sukno-standardowe-nogi-z-plyt-obitych-aksamitem\/","name":"St\u00f3\u0142 do Black Jacka wyko\u0144czony drewnem, sukno standardowe, nogi z p\u0142yt obitych aksamitem - Fama Casino","isPartOf":{"@id":"https:\/\/famacasino.com\/#website"},"primaryImageOfPage":{"@id":"https:\/\/famacasino.com\/produkt\/stol-do-black-jacka-wykonczony-drewnem-sukno-standardowe-nogi-z-plyt-obitych-aksamitem\/#primaryimage"},"image":{"@id":"https:\/\/famacasino.com\/produkt\/stol-do-black-jacka-wykonczony-drewnem-sukno-standardowe-nogi-z-plyt-obitych-aksamitem\/#primaryimage"},"thumbnailUrl":"https:\/\/famacasino.com\/wp-content\/uploads\/2025\/04\/Fama-Casino-stol-do-black-jacka-3-001.jpg","datePublished":"2025-04-08T11:38:03+00:00","dateModified":"2025-07-16T11:21:16+00:00","breadcrumb":{"@id":"https:\/\/famacasino.com\/produkt\/stol-do-black-jacka-wykonczony-drewnem-sukno-standardowe-nogi-z-plyt-obitych-aksamitem\/#breadcrumb"},"inLanguage":"en-GB","potentialAction":[{"@type":"ReadAction","target":["https:\/\/famacasino.com\/produkt\/stol-do-black-jacka-wykonczony-drewnem-sukno-standardowe-nogi-z-plyt-obitych-aksamitem\/"]}]},{"@type":"ImageObject","inLanguage":"en-GB","@id":"https:\/\/famacasino.com\/produkt\/stol-do-black-jacka-wykonczony-drewnem-sukno-standardowe-nogi-z-plyt-obitych-aksamitem\/#primaryimage","url":"https:\/\/famacasino.com\/wp-content\/uploads\/2025\/04\/Fama-Casino-stol-do-black-jacka-3-001.jpg","contentUrl":"https:\/\/famacasino.com\/wp-content\/uploads\/2025\/04\/Fama-Casino-stol-do-black-jacka-3-001.jpg","width":1200,"height":1200},{"@type":"BreadcrumbList","@id":"https:\/\/famacasino.com\/produkt\/stol-do-black-jacka-wykonczony-drewnem-sukno-standardowe-nogi-z-plyt-obitych-aksamitem\/#breadcrumb","itemListElement":[{"@type":"ListItem","position":1,"name":"Strona g\u0142\u00f3wna","item":"https:\/\/famacasino.com\/"},{"@type":"ListItem","position":2,"name":"Zam\u00f3w","item":"https:\/\/famacasino.com\/zamow\/"},{"@type":"ListItem","position":3,"name":"St\u00f3\u0142 do Black Jacka wyko\u0144czony drewnem, sukno standardowe, nogi z p\u0142yt obitych aksamitem"}]},{"@type":"WebSite","@id":"https:\/\/famacasino.com\/#website","url":"https:\/\/famacasino.com\/","name":"Fama Casino","description":"","publisher":{"@id":"https:\/\/famacasino.com\/#organization"},"potentialAction":[{"@type":"SearchAction","target":{"@type":"EntryPoint","urlTemplate":"https:\/\/famacasino.com\/?s={search_term_string}"},"query-input":{"@type":"PropertyValueSpecification","valueRequired":true,"valueName":"search_term_string"}}],"inLanguage":"en-GB"},{"@type":"Organization","@id":"https:\/\/famacasino.com\/#organization","name":"Fama Casino","url":"https:\/\/famacasino.com\/","logo":{"@type":"ImageObject","inLanguage":"en-GB","@id":"https:\/\/famacasino.com\/#\/schema\/logo\/image\/","url":"https:\/\/famacasino.com\/wp-content\/uploads\/2024\/10\/logo_fama_casino_kolor_big-PNG-poziom.png","contentUrl":"https:\/\/famacasino.com\/wp-content\/uploads\/2024\/10\/logo_fama_casino_kolor_big-PNG-poziom.png","width":5354,"height":1137,"caption":"Fama Casino"},"image":{"@id":"https:\/\/famacasino.com\/#\/schema\/logo\/image\/"}}]}},"_links":{"self":[{"href":"https:\/\/famacasino.com\/en\/wp-json\/wp\/v2\/product\/2178","targetHints":{"allow":["GET"]}}],"collection":[{"href":"https:\/\/famacasino.com\/en\/wp-json\/wp\/v2\/product"}],"about":[{"href":"https:\/\/famacasino.com\/en\/wp-json\/wp\/v2\/types\/product"}],"wp:featuredmedia":[{"embeddable":true,"href":"https:\/\/famacasino.com\/en\/wp-json\/wp\/v2\/media\/2872"}],"wp:attachment":[{"href":"https:\/\/famacasino.com\/en\/wp-json\/wp\/v2\/media?parent=2178"}],"wp:term":[{"taxonomy":"product_brand","embeddable":true,"href":"https:\/\/famacasino.com\/en\/wp-json\/wp\/v2\/product_brand?post=2178"},{"taxonomy":"product_cat","embeddable":true,"href":"https:\/\/famacasino.com\/en\/wp-json\/wp\/v2\/product_cat?post=2178"},{"taxonomy":"product_tag","embeddable":true,"href":"https:\/\/famacasino.com\/en\/wp-json\/wp\/v2\/product_tag?post=2178"}],"curies":[{"name":"wp","href":"https:\/\/api.w.org\/{rel}","templated":true}]}}